{"id":10664,"date":"2017-04-03T14:30:29","date_gmt":"2017-04-03T14:30:29","guid":{"rendered":"https:\/\/cuarzopiscinas.com\/inicio\/"},"modified":"2019-06-12T12:35:53","modified_gmt":"2019-06-12T10:35:53","slug":"inici","status":"publish","type":"page","link":"https:\/\/cuarzopiscinas.com\/ca\/","title":{"rendered":"Inici"},"content":{"rendered":"<p>[vc_row][vc_column]<div class=\"edgtf-full-screen-sections \" data-enable-navigation=\"no\" data-enable-pagination=\"yes\">\n\t<div class=\"edgtf-fss-wrapper\">\n\t\t<div class=\"edgtf-fss-item edgtf-fss-custom-754370 edgtf-fss-item-va-middle edgtf-fss-item-ha-center  \" data-item-class=\"edgtf-fss-custom-754370\" style=\"background-image: url(https:\/\/cuarzopiscinas.com\/wp-content\/uploads\/2019\/06\/slider-home-1.jpg);background-size:cover\">\n\t<div class=\"edgtf-fss-item-inner\" style=\"padding: 0% 10%\">\n\t\t<h2 class=\"edgtf-custom-font-holder  edgtf-cf-3763\" style=\"font-family: Poppins;font-size: 70px;line-height: 125px;font-weight: 600;letter-spacing: 0.1em;text-transform: uppercase;text-align: center;color: #ffffff\" data-item-class=\"edgtf-cf-3763\" data-font-size=\"70\" data-line-height=\"125\" data-font-size-1280=\"84px\" data-font-size-1024=\"68px\" data-font-size-768=\"68px\" data-font-size-680=\"36px\" data-line-height-1280=\"120px\" data-line-height-1024=\"100px\" data-line-height-768=\"100px\" data-line-height-680=\"50px\">\n\tBENVINGUTS A<\/h2><h2 class=\"edgtf-custom-font-holder  edgtf-cf-7113\" style=\"font-family: Poppins;font-size: 95px;line-height: 125px;font-weight: 600;letter-spacing: 0.1em;text-transform: uppercase;text-align: center;color: #ffffff\" data-item-class=\"edgtf-cf-7113\" data-font-size=\"95\" data-line-height=\"125\" data-font-size-1280=\"84px\" data-font-size-1024=\"68px\" data-font-size-768=\"68px\" data-font-size-680=\"36px\" data-line-height-1280=\"120px\" data-line-height-1024=\"100px\" data-line-height-768=\"100px\" data-line-height-680=\"50px\">\n\tCUARZO PISCINAS<\/h2><div class=\"edgtf-section-title-holder edgtf-st-standard edgtf-st-title-left edgtf-st-normal-space \" style=\"padding: 0 20%;text-align: center\">\n\t<div class=\"edgtf-st-inner\">\n\t\t\t\t\t\t\t<p class=\"edgtf-st-text\" style=\"color: #ffffff;font-size: 18px;line-height: 34px;margin-top: 5px\">\n\t\t\t\tEns dediquem a dissenyar i construir la seva piscina ambientant l'espai exterior a les seves prefer\u00e8ncies; tamb\u00e9 rehabilitem piscines en mal estat, dissenyant de nou tant la piscina com el seu entorn.\t\t\t<\/p>\n\t\t\t<\/div>\n<\/div>[vc_empty_space height=&#8221;40px&#8221;]<a itemprop=\"url\" href=\"https:\/\/cuarzopiscinas.com\/ca\/nosaltres\/\" target=\"_self\" style=\"color: #333333;background-color: #ffffff;border-color: #ffffff;padding: 16px 35px\" class=\"edgtf-btn edgtf-btn-medium edgtf-btn-solid edgtf-btn-custom-hover-bg edgtf-btn-custom-border-hover\" data-hover-bg-color=\"#181818\" data-hover-border-color=\"#181818\" >\n    <span class=\"edgtf-btn-text\">Descobrir m\u00e9s<\/span>\n    <\/a>\t<\/div>\n\t<\/div><div class=\"edgtf-fss-item edgtf-fss-custom-582413 edgtf-fss-item-va-middle edgtf-fss-item-ha-center  \" data-item-class=\"edgtf-fss-custom-582413\" style=\"background-image: url(https:\/\/cuarzopiscinas.com\/wp-content\/uploads\/2019\/06\/slider-comunitaria-2.jpg);background-size:cover\">\n\t<div class=\"edgtf-fss-item-inner\" style=\"padding: 0% 10%\">\n\t\t<h2 class=\"edgtf-custom-font-holder  edgtf-cf-2437\" style=\"font-family: Poppins;font-size: 100px;line-height: 125px;font-weight: 700;letter-spacing: 0.1em;text-transform: uppercase;text-align: center;color: #ffffff\" data-item-class=\"edgtf-cf-2437\" data-font-size=\"100\" data-line-height=\"125\" data-font-size-1280=\"84px\" data-font-size-1024=\"68px\" data-font-size-768=\"68px\" data-font-size-680=\"38px\" data-line-height-1280=\"120px\" data-line-height-1024=\"100px\" data-line-height-768=\"100px\" data-line-height-680=\"50px\">\n\tPISCINES COMUNIT\u00c0RIES<\/h2><div class=\"edgtf-section-title-holder edgtf-st-standard edgtf-st-title-left edgtf-st-normal-space \" style=\"padding: 0 20%;text-align: center\">\n\t<div class=\"edgtf-st-inner\">\n\t\t\t\t\t\t\t<p class=\"edgtf-st-text\" style=\"color: #ffffff;font-size: 18px;line-height: 34px;margin-top: 5px\">\n\t\t\t\tConstrucci\u00f3, reparaci\u00f3 i rehabilitaci\u00f3 de piscines comunit\u00e0ries.\t\t\t<\/p>\n\t\t\t<\/div>\n<\/div>[vc_empty_space height=&#8221;40px&#8221;]<a itemprop=\"url\" href=\"https:\/\/cuarzopiscinas.com\/ca\/piscines-comunitaries\/\" target=\"_self\" style=\"color: #333333;background-color: #ffffff;border-color: #ffffff\" class=\"edgtf-btn edgtf-btn-medium edgtf-btn-solid edgtf-btn-custom-hover-bg edgtf-btn-custom-border-hover\" data-hover-bg-color=\"#181818\" data-hover-border-color=\"#181818\" >\n    <span class=\"edgtf-btn-text\">Galeria de fotos<\/span>\n    <\/a>\t<\/div>\n\t<\/div><div class=\"edgtf-fss-item edgtf-fss-custom-926231 edgtf-fss-item-va-middle edgtf-fss-item-ha-center  \" data-item-class=\"edgtf-fss-custom-926231\" style=\"background-image: url(https:\/\/cuarzopiscinas.com\/wp-content\/uploads\/2019\/06\/slider-particular-2.jpg);background-size:cover\">\n\t<div class=\"edgtf-fss-item-inner\" style=\"padding: 0% 10%\">\n\t\t<h2 class=\"edgtf-custom-font-holder  edgtf-cf-9613\" style=\"font-family: Poppins;font-size: 100px;line-height: 125px;font-weight: 700;letter-spacing: 0.1em;text-transform: uppercase;text-align: center;color: #ffffff\" data-item-class=\"edgtf-cf-9613\" data-font-size=\"100\" data-line-height=\"125\" data-font-size-1280=\"84px\" data-font-size-1024=\"68px\" data-font-size-768=\"68px\" data-font-size-680=\"38px\" data-line-height-1280=\"120px\" data-line-height-1024=\"100px\" data-line-height-768=\"100px\" data-line-height-680=\"50px\">\n\tPISCINES PARTICULARS<\/h2><div class=\"edgtf-section-title-holder edgtf-st-standard edgtf-st-title-left edgtf-st-normal-space \" style=\"padding: 0 20%;text-align: center\">\n\t<div class=\"edgtf-st-inner\">\n\t\t\t\t\t\t\t<p class=\"edgtf-st-text\" style=\"color: #ffffff;font-size: 18px;line-height: 34px;margin-top: 5px\">\n\t\t\t\tOblida't dels problemes. Ens ocupem de principi a fi.\t\t\t<\/p>\n\t\t\t<\/div>\n<\/div>[vc_empty_space height=&#8221;40px&#8221;]<a itemprop=\"url\" href=\"https:\/\/cuarzopiscinas.com\/ca\/piscines-particulars\/\" target=\"_self\" style=\"color: #333333;background-color: #ffffff;border-color: #ffffff\" class=\"edgtf-btn edgtf-btn-medium edgtf-btn-solid edgtf-btn-custom-hover-bg edgtf-btn-custom-border-hover\" data-hover-bg-color=\"#181818\" data-hover-border-color=\"#181818\" >\n    <span class=\"edgtf-btn-text\">Galeria de fotos<\/span>\n    <\/a>\t<\/div>\n\t<\/div><div class=\"edgtf-fss-item edgtf-fss-custom-910305 edgtf-fss-item-va-middle edgtf-fss-item-ha-center  \" data-item-class=\"edgtf-fss-custom-910305\" style=\"background-image: url(https:\/\/cuarzopiscinas.com\/wp-content\/uploads\/2019\/06\/slider-servicios-1.jpg);background-size:cover\">\n\t<div class=\"edgtf-fss-item-inner\" style=\"padding: 0% 10%\">\n\t\t<h2 class=\"edgtf-custom-font-holder  edgtf-cf-8426\" style=\"font-family: Poppins;font-size: 100px;line-height: 125px;font-weight: 600;letter-spacing: 0.1em;text-transform: uppercase;text-align: center;color: #ffffff\" data-item-class=\"edgtf-cf-8426\" data-font-size=\"100\" data-line-height=\"125\" data-font-size-1280=\"84px\" data-font-size-1024=\"68px\" data-font-size-768=\"68px\" data-font-size-680=\"38px\" data-line-height-1280=\"120px\" data-line-height-1024=\"100px\" data-line-height-768=\"100px\" data-line-height-680=\"50px\">\n\tSERVEIS<\/h2><div class=\"edgtf-section-title-holder edgtf-st-standard edgtf-st-title-left edgtf-st-normal-space \" style=\"padding: 0 20%;text-align: center\">\n\t<div class=\"edgtf-st-inner\">\n\t\t\t\t\t\t\t<p class=\"edgtf-st-text\" style=\"color: #ffffff;font-size: 18px;line-height: 34px;margin-top: 5px\">\n\t\t\t\tDes del projecte fins a la piscina i exteriors constru\u00efts. La professionalitat en cada detall!\t\t\t<\/p>\n\t\t\t<\/div>\n<\/div>[vc_empty_space height=&#8221;40px&#8221;]<a itemprop=\"url\" href=\"https:\/\/cuarzopiscinas.com\/ca\/serveis\/\" target=\"_self\" style=\"color: #333333;background-color: #ffffff;border-color: #ffffff;padding: 16px 35px\" class=\"edgtf-btn edgtf-btn-medium edgtf-btn-solid edgtf-btn-custom-hover-bg edgtf-btn-custom-border-hover\" data-hover-bg-color=\"#181818\" data-hover-border-color=\"#181818\" >\n    <span class=\"edgtf-btn-text\">M\u00e9s informaci\u00f3<\/span>\n    <\/a>[vc_empty_space height=&#8221;5px&#8221;]\t<\/div>\n\t<\/div>\t<\/div>\n\t<\/div>[\/vc_column][\/vc_row]<\/p>\n","protected":false},"excerpt":{"rendered":"<p>[vc_row][vc_column][\/vc_column][\/vc_row]<\/p>\n","protected":false},"author":1,"featured_media":10659,"parent":0,"menu_order":0,"comment_status":"closed","ping_status":"closed","template":"full-width.php","meta":{"footnotes":""},"class_list":["post-10664","page","type-page","status-publish","has-post-thumbnail","hentry"],"yoast_head":"<!-- This site is optimized with the Yoast SEO plugin v26.2 - https:\/\/yoast.com\/wordpress\/plugins\/seo\/ -->\n<title>Cuarzo Piscinas - Experts en la construcci\u00f3 de piscines a Tarragona<\/title>\n<meta name=\"description\" content=\"Cuarzo Piscinas i exteriors, construir piscines, dissenyar piscines i rehabilitar piscines. Piscines amb una garantia de 20 anys. Fem realitat el teu somni.\" \/>\n<meta name=\"robots\" content=\"index, follow, max-snippet:-1, max-image-preview:large, max-video-preview:-1\" \/>\n<link rel=\"canonical\" href=\"https:\/\/cuarzopiscinas.com\/ca\/\" \/>\n<meta property=\"og:locale\" content=\"ca_ES\" \/>\n<meta property=\"og:type\" content=\"article\" \/>\n<meta property=\"og:title\" content=\"Cuarzo Piscinas - Experts en la construcci\u00f3 de piscines a Tarragona\" \/>\n<meta property=\"og:description\" content=\"Cuarzo Piscinas i exteriors, construir piscines, dissenyar piscines i rehabilitar piscines. Piscines amb una garantia de 20 anys. Fem realitat el teu somni.\" \/>\n<meta property=\"og:url\" content=\"https:\/\/cuarzopiscinas.com\/ca\/\" \/>\n<meta property=\"og:site_name\" content=\"Cuarzo Piscinas - Expertos en la construcci\u00f3n de piscinas en Tarragona\" \/>\n<meta property=\"article:modified_time\" content=\"2019-06-12T10:35:53+00:00\" \/>\n<meta property=\"og:image\" content=\"https:\/\/cuarzopiscinas.com\/wp-content\/uploads\/2019\/06\/slider-particular-2.jpg\" \/>\n\t<meta property=\"og:image:width\" content=\"1798\" \/>\n\t<meta property=\"og:image:height\" content=\"1200\" \/>\n\t<meta property=\"og:image:type\" content=\"image\/jpeg\" \/>\n<meta name=\"twitter:card\" content=\"summary_large_image\" \/>\n<meta name=\"twitter:label1\" content=\"Temps estimat de lectura\" \/>\n\t<meta name=\"twitter:data1\" content=\"4 minuts\" \/>\n<script type=\"application\/ld+json\" class=\"yoast-schema-graph\">{\"@context\":\"https:\/\/schema.org\",\"@graph\":[{\"@type\":\"WebPage\",\"@id\":\"https:\/\/cuarzopiscinas.com\/ca\/\",\"url\":\"https:\/\/cuarzopiscinas.com\/ca\/\",\"name\":\"Cuarzo Piscinas - Experts en la construcci\u00f3 de piscines a Tarragona\",\"isPartOf\":{\"@id\":\"https:\/\/cuarzopiscinas.com\/#website\"},\"primaryImageOfPage\":{\"@id\":\"https:\/\/cuarzopiscinas.com\/ca\/#primaryimage\"},\"image\":{\"@id\":\"https:\/\/cuarzopiscinas.com\/ca\/#primaryimage\"},\"thumbnailUrl\":\"https:\/\/cuarzopiscinas.com\/wp-content\/uploads\/2019\/06\/slider-particular-2.jpg\",\"datePublished\":\"2017-04-03T14:30:29+00:00\",\"dateModified\":\"2019-06-12T10:35:53+00:00\",\"description\":\"Cuarzo Piscinas i exteriors, construir piscines, dissenyar piscines i rehabilitar piscines. Piscines amb una garantia de 20 anys. Fem realitat el teu somni.\",\"breadcrumb\":{\"@id\":\"https:\/\/cuarzopiscinas.com\/ca\/#breadcrumb\"},\"inLanguage\":\"ca\",\"potentialAction\":[{\"@type\":\"ReadAction\",\"target\":[\"https:\/\/cuarzopiscinas.com\/ca\/\"]}]},{\"@type\":\"ImageObject\",\"inLanguage\":\"ca\",\"@id\":\"https:\/\/cuarzopiscinas.com\/ca\/#primaryimage\",\"url\":\"https:\/\/cuarzopiscinas.com\/wp-content\/uploads\/2019\/06\/slider-particular-2.jpg\",\"contentUrl\":\"https:\/\/cuarzopiscinas.com\/wp-content\/uploads\/2019\/06\/slider-particular-2.jpg\",\"width\":1798,\"height\":1200},{\"@type\":\"BreadcrumbList\",\"@id\":\"https:\/\/cuarzopiscinas.com\/ca\/#breadcrumb\",\"itemListElement\":[{\"@type\":\"ListItem\",\"position\":1,\"name\":\"Portada\",\"item\":\"https:\/\/cuarzopiscinas.com\/ca\/\"},{\"@type\":\"ListItem\",\"position\":2,\"name\":\"Inici\"}]},{\"@type\":\"WebSite\",\"@id\":\"https:\/\/cuarzopiscinas.com\/#website\",\"url\":\"https:\/\/cuarzopiscinas.com\/\",\"name\":\"Cuarzo Piscinas - Expertos en la construcci\u00f3n de piscinas en Tarragona\",\"description\":\"Cuarzo Piscinas y exteriores, construir piscinas, dise\u00f1ar piscinas y rehabilitar piscinas. Piscinas con garant\u00eda de 20 a\u00f1os. Empresa de piscinas.\",\"potentialAction\":[{\"@type\":\"SearchAction\",\"target\":{\"@type\":\"EntryPoint\",\"urlTemplate\":\"https:\/\/cuarzopiscinas.com\/?s={search_term_string}\"},\"query-input\":{\"@type\":\"PropertyValueSpecification\",\"valueRequired\":true,\"valueName\":\"search_term_string\"}}],\"inLanguage\":\"ca\"}]}<\/script>\n<!-- \/ Yoast SEO plugin. -->","yoast_head_json":{"title":"Cuarzo Piscinas - Experts en la construcci\u00f3 de piscines a Tarragona","description":"Cuarzo Piscinas i exteriors, construir piscines, dissenyar piscines i rehabilitar piscines. Piscines amb una garantia de 20 anys. Fem realitat el teu somni.","robots":{"index":"index","follow":"follow","max-snippet":"max-snippet:-1","max-image-preview":"max-image-preview:large","max-video-preview":"max-video-preview:-1"},"canonical":"https:\/\/cuarzopiscinas.com\/ca\/","og_locale":"ca_ES","og_type":"article","og_title":"Cuarzo Piscinas - Experts en la construcci\u00f3 de piscines a Tarragona","og_description":"Cuarzo Piscinas i exteriors, construir piscines, dissenyar piscines i rehabilitar piscines. Piscines amb una garantia de 20 anys. Fem realitat el teu somni.","og_url":"https:\/\/cuarzopiscinas.com\/ca\/","og_site_name":"Cuarzo Piscinas - Expertos en la construcci\u00f3n de piscinas en Tarragona","article_modified_time":"2019-06-12T10:35:53+00:00","og_image":[{"width":1798,"height":1200,"url":"https:\/\/cuarzopiscinas.com\/wp-content\/uploads\/2019\/06\/slider-particular-2.jpg","type":"image\/jpeg"}],"twitter_card":"summary_large_image","twitter_misc":{"Temps estimat de lectura":"4 minuts"},"schema":{"@context":"https:\/\/schema.org","@graph":[{"@type":"WebPage","@id":"https:\/\/cuarzopiscinas.com\/ca\/","url":"https:\/\/cuarzopiscinas.com\/ca\/","name":"Cuarzo Piscinas - Experts en la construcci\u00f3 de piscines a Tarragona","isPartOf":{"@id":"https:\/\/cuarzopiscinas.com\/#website"},"primaryImageOfPage":{"@id":"https:\/\/cuarzopiscinas.com\/ca\/#primaryimage"},"image":{"@id":"https:\/\/cuarzopiscinas.com\/ca\/#primaryimage"},"thumbnailUrl":"https:\/\/cuarzopiscinas.com\/wp-content\/uploads\/2019\/06\/slider-particular-2.jpg","datePublished":"2017-04-03T14:30:29+00:00","dateModified":"2019-06-12T10:35:53+00:00","description":"Cuarzo Piscinas i exteriors, construir piscines, dissenyar piscines i rehabilitar piscines. Piscines amb una garantia de 20 anys. Fem realitat el teu somni.","breadcrumb":{"@id":"https:\/\/cuarzopiscinas.com\/ca\/#breadcrumb"},"inLanguage":"ca","potentialAction":[{"@type":"ReadAction","target":["https:\/\/cuarzopiscinas.com\/ca\/"]}]},{"@type":"ImageObject","inLanguage":"ca","@id":"https:\/\/cuarzopiscinas.com\/ca\/#primaryimage","url":"https:\/\/cuarzopiscinas.com\/wp-content\/uploads\/2019\/06\/slider-particular-2.jpg","contentUrl":"https:\/\/cuarzopiscinas.com\/wp-content\/uploads\/2019\/06\/slider-particular-2.jpg","width":1798,"height":1200},{"@type":"BreadcrumbList","@id":"https:\/\/cuarzopiscinas.com\/ca\/#breadcrumb","itemListElement":[{"@type":"ListItem","position":1,"name":"Portada","item":"https:\/\/cuarzopiscinas.com\/ca\/"},{"@type":"ListItem","position":2,"name":"Inici"}]},{"@type":"WebSite","@id":"https:\/\/cuarzopiscinas.com\/#website","url":"https:\/\/cuarzopiscinas.com\/","name":"Cuarzo Piscinas - Expertos en la construcci\u00f3n de piscinas en Tarragona","description":"Cuarzo Piscinas y exteriores, construir piscinas, dise\u00f1ar piscinas y rehabilitar piscinas. Piscinas con garant\u00eda de 20 a\u00f1os. Empresa de piscinas.","potentialAction":[{"@type":"SearchAction","target":{"@type":"EntryPoint","urlTemplate":"https:\/\/cuarzopiscinas.com\/?s={search_term_string}"},"query-input":{"@type":"PropertyValueSpecification","valueRequired":true,"valueName":"search_term_string"}}],"inLanguage":"ca"}]}},"_links":{"self":[{"href":"https:\/\/cuarzopiscinas.com\/ca\/wp-json\/wp\/v2\/pages\/10664","targetHints":{"allow":["GET"]}}],"collection":[{"href":"https:\/\/cuarzopiscinas.com\/ca\/wp-json\/wp\/v2\/pages"}],"about":[{"href":"https:\/\/cuarzopiscinas.com\/ca\/wp-json\/wp\/v2\/types\/page"}],"author":[{"embeddable":true,"href":"https:\/\/cuarzopiscinas.com\/ca\/wp-json\/wp\/v2\/users\/1"}],"replies":[{"embeddable":true,"href":"https:\/\/cuarzopiscinas.com\/ca\/wp-json\/wp\/v2\/comments?post=10664"}],"version-history":[{"count":2,"href":"https:\/\/cuarzopiscinas.com\/ca\/wp-json\/wp\/v2\/pages\/10664\/revisions"}],"predecessor-version":[{"id":10666,"href":"https:\/\/cuarzopiscinas.com\/ca\/wp-json\/wp\/v2\/pages\/10664\/revisions\/10666"}],"wp:featuredmedia":[{"embeddable":true,"href":"https:\/\/cuarzopiscinas.com\/ca\/wp-json\/wp\/v2\/media\/10659"}],"wp:attachment":[{"href":"https:\/\/cuarzopiscinas.com\/ca\/wp-json\/wp\/v2\/media?parent=10664"}],"curies":[{"name":"wp","href":"https:\/\/api.w.org\/{rel}","templated":true}]}}