{"id":10667,"date":"2017-04-10T14:21:03","date_gmt":"2017-04-10T14:21:03","guid":{"rendered":"https:\/\/cuarzopiscinas.com\/nosotros\/"},"modified":"2024-10-14T12:24:00","modified_gmt":"2024-10-14T10:24:00","slug":"nosaltres","status":"publish","type":"page","link":"https:\/\/cuarzopiscinas.com\/ca\/nosaltres\/","title":{"rendered":"Nosaltres"},"content":{"rendered":"<p>[vc_row gap=&#8221;25&#8243; row_content_width=&#8221;grid&#8221; css=&#8221;.vc_custom_1492094581814{padding-top: 90px !important;padding-bottom: 26px !important;}&#8221;][vc_column offset=&#8221;vc_col-lg-4 vc_col-md-4&#8243;]<div class=\"edgtf-iwt clearfix edgtf-iwt-icon-top edgtf-iwt-icon-medium edgtf-iwt-left-align edgtf-iwt-vertical-middle\">\n\t<div class=\"edgtf-iwt-icon\">\n\t\t\t\t\t<a itemprop=\"url\" href=\"#\" target=\"_self\">\n\t\t\t\t\t\t\t\t\t<img loading=\"lazy\" decoding=\"async\" width=\"52\" height=\"47\" src=\"https:\/\/cuarzopiscinas.com\/wp-content\/uploads\/2017\/04\/et-icon-1.png\" class=\"attachment-full size-full\" alt=\"m\" \/>\t\t\t\t\t\t\t\t<\/a>\n\t\t\t<\/div>\n\t<div class=\"edgtf-iwt-content\" style=\"padding-top: 28px\">\n\t\t\t\t\t<h6 class=\"edgtf-iwt-title\" >\n\t\t\t\t\t\t\t\t\t<a itemprop=\"url\" href=\"#\" target=\"_self\">\n\t\t\t\t\t\t\t\t<span class=\"edgtf-iwt-title-text\">Cuarzo Piscinas<\/span>\n\t\t\t\t\t\t\t\t\t<\/a>\n\t\t\t\t\t\t\t<\/h6>\n\t\t\t\t\t\t\t<p class=\"edgtf-iwt-text\" >El nostre treball es divideix en tres \u00e0rees principals: el disseny i definici\u00f3 del projecte en coordinaci\u00f3 amb el client, l&#039;execuci\u00f3 de l&#039;obra optimitzant els recursos (rapidesa i qualitat) i finalment, el servei post venda, assessorament permanent i garantia de 20 anys en la construcci\u00f3 de piscines.<\/p>\n\t\t\t<\/div>\n<\/div>[vc_empty_space height=&#8221;50px&#8221;][\/vc_column][vc_column offset=&#8221;vc_col-lg-4 vc_col-md-4&#8243;]<div class=\"edgtf-iwt clearfix edgtf-iwt-icon-top edgtf-iwt-icon-medium edgtf-iwt-left-align edgtf-iwt-vertical-middle\">\n\t<div class=\"edgtf-iwt-icon\">\n\t\t\t\t\t<a itemprop=\"url\" href=\"#\" target=\"_self\">\n\t\t\t\t\t\t\t\t\t<img loading=\"lazy\" decoding=\"async\" width=\"31\" height=\"46\" src=\"https:\/\/cuarzopiscinas.com\/wp-content\/uploads\/2017\/04\/et-icon-7-1.png\" class=\"attachment-full size-full\" alt=\"x\" \/>\t\t\t\t\t\t\t\t<\/a>\n\t\t\t<\/div>\n\t<div class=\"edgtf-iwt-content\" style=\"padding-top: 28px\">\n\t\t\t\t\t<h6 class=\"edgtf-iwt-title\" >\n\t\t\t\t\t\t\t\t\t<a itemprop=\"url\" href=\"#\" target=\"_self\">\n\t\t\t\t\t\t\t\t<span class=\"edgtf-iwt-title-text\">La nostra filosofia<\/span>\n\t\t\t\t\t\t\t\t\t<\/a>\n\t\t\t\t\t\t\t<\/h6>\n\t\t\t\t\t\t\t<p class=\"edgtf-iwt-text\" >La nostra filosofia ens ha portat a desenvolupar una forma de treballar que optimitza tots els recursos que intervenen en una obra per aix\u00ed oferir la millor relaci\u00f3 qualitat preu del mercat. La piscina i els exteriors d&#039;un habitatge tenen com a finalitat el millorar la nostra qualitat de vida i la de la nostra fam\u00edlia.<\/p>\n\t\t\t<\/div>\n<\/div>[vc_empty_space height=&#8221;50px&#8221;][\/vc_column][vc_column offset=&#8221;vc_col-lg-4 vc_col-md-4&#8243;]<div class=\"edgtf-iwt clearfix edgtf-iwt-icon-top edgtf-iwt-icon-medium edgtf-iwt-left-align edgtf-iwt-vertical-middle\">\n\t<div class=\"edgtf-iwt-icon\">\n\t\t\t\t\t<a itemprop=\"url\" href=\"#\" target=\"_self\">\n\t\t\t\t\t\t\t\t\t<img loading=\"lazy\" decoding=\"async\" width=\"52\" height=\"47\" src=\"https:\/\/cuarzopiscinas.com\/wp-content\/uploads\/2019\/06\/escalera-piscina.png\" class=\"attachment-full size-full\" alt=\"\" \/>\t\t\t\t\t\t\t\t<\/a>\n\t\t\t<\/div>\n\t<div class=\"edgtf-iwt-content\" style=\"padding-top: 28px\">\n\t\t\t\t\t<h6 class=\"edgtf-iwt-title\" >\n\t\t\t\t\t\t\t\t\t<a itemprop=\"url\" href=\"#\" target=\"_self\">\n\t\t\t\t\t\t\t\t<span class=\"edgtf-iwt-title-text\">La nostra passi\u00f3<\/span>\n\t\t\t\t\t\t\t\t\t<\/a>\n\t\t\t\t\t\t\t<\/h6>\n\t\t\t\t\t\t\t<p class=\"edgtf-iwt-text\" >La nostra passi\u00f3 contagiosa per les piscines ens permet assolir el nostre objectiu, que cada vegada un major nombre de persones puguin disposar d&#039;un lloc d&#039;oci a casa a un preu m\u00e9s que raonable.<\/p>\n\t\t\t<\/div>\n<\/div>[vc_empty_space height=&#8221;50px&#8221;][\/vc_column][\/vc_row][vc_row gap=&#8221;25&#8243; row_content_width=&#8221;grid&#8221; css=&#8221;.vc_custom_1559917580614{padding-top: 90px !important;padding-bottom: 42px !important;}&#8221; simple_background_color=&#8221;rgba(5,128,183,0.15)&#8221;][vc_column offset=&#8221;vc_col-lg-6 vc_col-md-12&#8243;]<div class=\"edgtf-iwt clearfix edgtf-iwt-icon-left edgtf-iwt-icon-medium edgtf-iwt-center-align edgtf-iwt-vertical-middle edgtf-iwt-disable-padding\">\n\t<div class=\"edgtf-iwt-icon\">\n\t\t\t\t\t\t\t\t\t    <span class=\"edgtf-icon-shortcode edgtf-normal edgtf-icon-medium\"  >\n                    <i class=\"edgtf-icon-font-awesome fa  edgtf-icon-element\" style=\"\" ><\/i>            <\/span>\n\t\t\t\t\t\t<\/div>\n\t<div class=\"edgtf-iwt-content\" >\n\t\t\t\t\t<h4 class=\"edgtf-iwt-title\" >\n\t\t\t\t\t\t\t\t<span class=\"edgtf-iwt-title-text\">Garantia de 20 anys: avalen el nostre treball<\/span>\n\t\t\t\t\t\t\t<\/h4>\n\t\t\t\t\t\t\t<p class=\"edgtf-iwt-text\" style=\"margin-top: 12px\">La nostra experi\u00e8ncia en la construcci\u00f3 de piscines i exteriors utilitzant materials de primera qualitat, garanteixen el nostre treball. Li donem garantia de 20 anys en l&#039;estanquitat del vas.<\/p>\n\t\t\t<\/div>\n<\/div>[vc_empty_space height=&#8221;60px&#8221;]<div class=\"edgtf-iwt clearfix edgtf-iwt-icon-left edgtf-iwt-icon-medium edgtf-iwt-center-align edgtf-iwt-vertical-middle edgtf-iwt-disable-padding\">\n\t<div class=\"edgtf-iwt-icon\">\n\t\t\t\t\t\t\t\t\t    <span class=\"edgtf-icon-shortcode edgtf-normal edgtf-icon-medium\"  >\n                    <i class=\"edgtf-icon-font-awesome fa  edgtf-icon-element\" style=\"\" ><\/i>            <\/span>\n\t\t\t\t\t\t<\/div>\n\t<div class=\"edgtf-iwt-content\" >\n\t\t\t\t\t<h4 class=\"edgtf-iwt-title\" >\n\t\t\t\t\t\t\t\t<span class=\"edgtf-iwt-title-text\">M\u00e9s de 350 piscines constru\u00efdes<\/span>\n\t\t\t\t\t\t\t<\/h4>\n\t\t\t\t\t\t\t<p class=\"edgtf-iwt-text\" style=\"margin-top: 12px\">Constru\u00efm piscines i exteriors per a particulars, comunitats, c\u00e0mpings i hotels, sempre sota la supervisi\u00f3 dels nostres t\u00e8cnics en tota la prov\u00edncia de Tarragona.<\/p>\n\t\t\t<\/div>\n<\/div>[vc_empty_space height=&#8221;60px&#8221;]<div class=\"edgtf-iwt clearfix edgtf-iwt-icon-left edgtf-iwt-icon-medium edgtf-iwt-center-align edgtf-iwt-vertical-middle edgtf-iwt-disable-padding\">\n\t<div class=\"edgtf-iwt-icon\">\n\t\t\t\t\t\t\t\t\t    <span class=\"edgtf-icon-shortcode edgtf-normal edgtf-icon-medium\"  >\n                    <i class=\"edgtf-icon-font-awesome fa  edgtf-icon-element\" style=\"\" ><\/i>            <\/span>\n\t\t\t\t\t\t<\/div>\n\t<div class=\"edgtf-iwt-content\" >\n\t\t\t\t\t<h4 class=\"edgtf-iwt-title\" >\n\t\t\t\t\t\t\t\t<span class=\"edgtf-iwt-title-text\">Disseny, Projecte i Control d&#039;execuci\u00f3<\/span>\n\t\t\t\t\t\t\t<\/h4>\n\t\t\t\t\t\t\t<p class=\"edgtf-iwt-text\" style=\"margin-top: 12px\">El nostre equip est\u00e0 format per professionals amb \u00e0mplia experi\u00e8ncia en el sector de la construcci\u00f3. Disposem d&#039;arquitecte que l&#039;assessorar\u00e0 durant el disseny i l&#039;execuci\u00f3 de la seva piscina.<\/p>\n\t\t\t<\/div>\n<\/div>[vc_empty_space height=&#8221;50px&#8221;][\/vc_column][vc_column offset=&#8221;vc_col-lg-6 vc_col-md-12&#8243;][vc_single_image image=&#8221;10529&#8243; img_size=&#8221;full&#8221;][vc_empty_space height=&#8221;50px&#8221;][vc_single_image image=&#8221;10531&#8243; img_size=&#8221;full&#8221;][vc_empty_space height=&#8221;50px&#8221;][vc_single_image image=&#8221;10530&#8243; img_size=&#8221;full&#8221;][\/vc_column][\/vc_row][vc_row row_content_width=&#8221;grid&#8221; content_text_aligment=&#8221;center&#8221; css=&#8221;.vc_custom_1492087634042{padding-top: 86px !important;padding-bottom: 30px !important;}&#8221;][vc_column]<div class=\"edgtf-elements-holder edgtf-one-column edgtf-responsive-mode-768 edgtf-one-column-alignment-center\" ><div class=\"edgtf-eh-item edgtf-horizontal-alignment-center\"  data-item-class=\"edgtf-eh-custom-826564\" data-1280-1600=\"0 25%\" data-1024-1280=\"0 20%\" data-768-1024=\"0 4%\" data-600-768=\"0 4%\" data-480-600=\"0 1%\" data-480=\"0 9%\">\n\t<div class=\"edgtf-eh-item-inner\">\n\t\t<div class=\"edgtf-eh-item-content edgtf-eh-custom-826564\" style=\"padding: 0 25%\">\n\t\t\t<div class=\"edgtf-section-title-holder edgtf-st-standard edgtf-st-title-left edgtf-st-normal-space \" style=\"text-align: center\">\n\t<div class=\"edgtf-st-inner\">\n\t\t\t\t\t<h3 class=\"edgtf-st-title\" >\n\t\t\t\tEl nostre equip\t\t\t<\/h3>\n\t\t\t\t\t\t\t<p class=\"edgtf-st-text\" style=\"font-size: 16px;line-height: 30px;font-weight: 300;margin-top: 20px\">\n\t\t\t\tConeix als professionals que t'assessoraran, acompanyaran i construiran la teva piscina privada perqu\u00e8 gaudeixis de l'estiu com et mereixes\t\t\t<\/p>\n\t\t\t<\/div>\n<\/div>\t\t<\/div>\n\t<\/div>\n<\/div><\/div>[vc_empty_space height=&#8221;68px&#8221;][vc_row_inner][vc_column_inner width=&#8221;1\/3&#8243;]<div class=\"edgtf-team-holder edgtf-team-info-below-image edgtf-team-square edgtf-team-align-left\">\n\t<div class=\"edgtf-team-inner\">\n\t\t\t\t<div class=\"edgtf-team-info\">\n\t\t\t\t\t\t\t<h5 class=\"edgtf-team-name\" >Juan Andr\u00e9s Noblia<\/h5>\n\t\t\t\t\t\t\t\t\t\t<p class=\"edgtf-team-position\" >Gerent<\/p>\n\t\t\t\t\t<\/div>\n\t<\/div>\n<\/div>[vc_empty_space height=&#8221;50px&#8221;][\/vc_column_inner][vc_column_inner width=&#8221;1\/3&#8243;]<div class=\"edgtf-team-holder edgtf-team-info-below-image edgtf-team-square edgtf-team-align-left\">\n\t<div class=\"edgtf-team-inner\">\n\t\t\t\t<div class=\"edgtf-team-info\">\n\t\t\t\t\t\t\t<h5 class=\"edgtf-team-name\" >Marta Masip<\/h5>\n\t\t\t\t\t\t\t\t\t\t<p class=\"edgtf-team-position\" >Arquitecte<\/p>\n\t\t\t\t\t<\/div>\n\t<\/div>\n<\/div>[vc_empty_space height=&#8221;50px&#8221;][\/vc_column_inner][\/vc_row_inner][\/vc_column][\/vc_row][vc_row disable_element=&#8221;yes&#8221; row_content_width=&#8221;grid&#8221; css=&#8221;.vc_custom_1559897367968{padding-top: 80px !important;padding-right: 0px !important;padding-bottom: 80px !important;padding-left: 0px !important;}&#8221; simple_background_color=&#8221;#f5f5f5&#8243;][vc_column]<div class=\"edgtf-clients-carousel-holder  edgtf-cc-hover-switch-images\">\n\t<div class=\"edgtf-cc-inner edgtf-owl-slider\" data-number-of-items=\"6\" data-enable-loop=\"yes\" data-enable-autoplay=\"yes\" data-slider-speed=\"3000\" data-slider-speed-animation=\"600\" data-enable-navigation=\"no\" data-enable-pagination=\"no\">\n\t\t<div class=\"edgtf-cc-item \">\n\t\t\t<a itemprop=\"url\" class=\"edgtf-cc-link edgtf-block-drag-link\" href=\"#\" target=\"_self\">\n\t\t\t\t\t\t<img decoding=\"async\" itemprop=\"image\" class=\"edgtf-cc-image\" src=\"https:\/\/cuarzopiscinas.com\/wp-content\/uploads\/2017\/04\/h8-client-1.png\" alt=\"m\" \/>\n\t\t\t\t\t\t\t<img decoding=\"async\" itemprop=\"image\" class=\"edgtf-cc-hover-image\" src=\"https:\/\/cuarzopiscinas.com\/wp-content\/uploads\/2017\/04\/h8-client-1h.png\" alt=\"m\" \/>\n\t\t\t\t\t<\/a>\n\t<\/div><div class=\"edgtf-cc-item \">\n\t\t\t<a itemprop=\"url\" class=\"edgtf-cc-link edgtf-block-drag-link\" href=\"#\" target=\"_self\">\n\t\t\t\t\t\t<img decoding=\"async\" itemprop=\"image\" class=\"edgtf-cc-image\" src=\"https:\/\/cuarzopiscinas.com\/wp-content\/uploads\/2017\/04\/h8-client-3.png\" alt=\"m\" \/>\n\t\t\t\t\t\t\t<img decoding=\"async\" itemprop=\"image\" class=\"edgtf-cc-hover-image\" src=\"https:\/\/cuarzopiscinas.com\/wp-content\/uploads\/2017\/04\/h8-client-3h.png\" alt=\"m\" \/>\n\t\t\t\t\t<\/a>\n\t<\/div><div class=\"edgtf-cc-item \">\n\t\t\t<a itemprop=\"url\" class=\"edgtf-cc-link edgtf-block-drag-link\" href=\"#\" target=\"_self\">\n\t\t\t\t\t\t<img decoding=\"async\" itemprop=\"image\" class=\"edgtf-cc-image\" src=\"https:\/\/cuarzopiscinas.com\/wp-content\/uploads\/2017\/04\/h8-client-2.png\" alt=\"m\" \/>\n\t\t\t\t\t\t\t<img decoding=\"async\" itemprop=\"image\" class=\"edgtf-cc-hover-image\" src=\"https:\/\/cuarzopiscinas.com\/wp-content\/uploads\/2017\/04\/h8-client-2h.png\" alt=\"m\" \/>\n\t\t\t\t\t<\/a>\n\t<\/div><div class=\"edgtf-cc-item \">\n\t\t\t<a itemprop=\"url\" class=\"edgtf-cc-link edgtf-block-drag-link\" href=\"#\" target=\"_self\">\n\t\t\t\t\t\t<img decoding=\"async\" itemprop=\"image\" class=\"edgtf-cc-image\" src=\"https:\/\/cuarzopiscinas.com\/wp-content\/uploads\/2017\/04\/h8-client-4.png\" alt=\"m\" \/>\n\t\t\t\t\t\t\t<img decoding=\"async\" itemprop=\"image\" class=\"edgtf-cc-hover-image\" src=\"https:\/\/cuarzopiscinas.com\/wp-content\/uploads\/2017\/04\/h8-client-4h.png\" alt=\"m\" \/>\n\t\t\t\t\t<\/a>\n\t<\/div><div class=\"edgtf-cc-item \">\n\t\t\t<a itemprop=\"url\" class=\"edgtf-cc-link edgtf-block-drag-link\" href=\"#\" target=\"_self\">\n\t\t\t\t\t\t<img decoding=\"async\" itemprop=\"image\" class=\"edgtf-cc-image\" src=\"https:\/\/cuarzopiscinas.com\/wp-content\/uploads\/2017\/04\/h8-client-5.png\" alt=\"m\" \/>\n\t\t\t\t\t\t\t<img decoding=\"async\" itemprop=\"image\" class=\"edgtf-cc-hover-image\" src=\"https:\/\/cuarzopiscinas.com\/wp-content\/uploads\/2017\/04\/h8-client-5h.png\" alt=\"m\" \/>\n\t\t\t\t\t<\/a>\n\t<\/div><div class=\"edgtf-cc-item \">\n\t\t\t<a itemprop=\"url\" class=\"edgtf-cc-link edgtf-block-drag-link\" href=\"#\" target=\"_self\">\n\t\t\t\t\t\t<img decoding=\"async\" itemprop=\"image\" class=\"edgtf-cc-image\" src=\"https:\/\/cuarzopiscinas.com\/wp-content\/uploads\/2017\/04\/h8-client-6.png\" alt=\"m\" \/>\n\t\t\t\t\t\t\t<img decoding=\"async\" itemprop=\"image\" class=\"edgtf-cc-hover-image\" src=\"https:\/\/cuarzopiscinas.com\/wp-content\/uploads\/2017\/04\/h8-client-6h.png\" alt=\"m\" \/>\n\t\t\t\t\t<\/a>\n\t<\/div><div class=\"edgtf-cc-item \">\n\t\t\t<a itemprop=\"url\" class=\"edgtf-cc-link edgtf-block-drag-link\" href=\"#\" target=\"_self\">\n\t\t\t\t\t\t<img decoding=\"async\" itemprop=\"image\" class=\"edgtf-cc-image\" src=\"https:\/\/cuarzopiscinas.com\/wp-content\/uploads\/2017\/04\/h8-client-7.png\" alt=\"m\" \/>\n\t\t\t\t\t\t\t<img decoding=\"async\" itemprop=\"image\" class=\"edgtf-cc-hover-image\" src=\"https:\/\/cuarzopiscinas.com\/wp-content\/uploads\/2017\/04\/h8-client-7h.png\" alt=\"m\" \/>\n\t\t\t\t\t<\/a>\n\t<\/div><div class=\"edgtf-cc-item \">\n\t\t\t<a itemprop=\"url\" class=\"edgtf-cc-link edgtf-block-drag-link\" href=\"#\" target=\"_self\">\n\t\t\t\t\t\t<img decoding=\"async\" itemprop=\"image\" class=\"edgtf-cc-image\" src=\"https:\/\/cuarzopiscinas.com\/wp-content\/uploads\/2017\/04\/h8-client-8.png\" alt=\"m\" \/>\n\t\t\t\t\t\t\t<img decoding=\"async\" itemprop=\"image\" class=\"edgtf-cc-hover-image\" src=\"https:\/\/cuarzopiscinas.com\/wp-content\/uploads\/2017\/04\/h8-client-8h.png\" alt=\"m\" \/>\n\t\t\t\t\t<\/a>\n\t<\/div>\t<\/div>\n<\/div>[\/vc_column][\/vc_row]<\/p>\n","protected":false},"excerpt":{"rendered":"<p>[vc_row gap=&#8221;25&#8243; row_content_width=&#8221;grid&#8221; css=&#8221;.vc_custom_1492094581814{padding-top: 90px !important;padding-bottom: 26px !important;}&#8221;][vc_column offset=&#8221;vc_col-lg-4 vc_col-md-4&#8243;][vc_empty_space height=&#8221;50px&#8221;][\/vc_column][vc_column offset=&#8221;vc_col-lg-4 vc_col-md-4&#8243;][vc_empty_space height=&#8221;50px&#8221;][\/vc_column][vc_column offset=&#8221;vc_col-lg-4 vc_col-md-4&#8243;][vc_empty_space height=&#8221;50px&#8221;][\/vc_column][\/vc_row][vc_row gap=&#8221;25&#8243; row_content_width=&#8221;grid&#8221; css=&#8221;.vc_custom_1559917580614{padding-top: 90px !important;padding-bottom: 42px !important;}&#8221; simple_background_color=&#8221;rgba(5,128,183,0.15)&#8221;][vc_column offset=&#8221;vc_col-lg-6 vc_col-md-12&#8243;][vc_empty_space height=&#8221;60px&#8221;][vc_empty_space height=&#8221;60px&#8221;][vc_empty_space height=&#8221;50px&#8221;][\/vc_column][vc_column offset=&#8221;vc_col-lg-6 vc_col-md-12&#8243;][vc_single_image image=&#8221;10529&#8243; img_size=&#8221;full&#8221;][vc_empty_space height=&#8221;50px&#8221;][vc_single_image image=&#8221;10531&#8243; img_size=&#8221;full&#8221;][vc_empty_space height=&#8221;50px&#8221;][vc_single_image image=&#8221;10530&#8243; img_size=&#8221;full&#8221;][\/vc_column][\/vc_row][vc_row [&hellip;]<\/p>\n","protected":false},"author":1,"featured_media":10670,"parent":0,"menu_order":0,"comment_status":"closed","ping_status":"closed","template":"full-width.php","meta":{"footnotes":""},"class_list":["post-10667","page","type-page","status-publish","has-post-thumbnail","hentry"],"yoast_head":"<!-- This site is optimized with the Yoast SEO plugin v26.2 - https:\/\/yoast.com\/wordpress\/plugins\/seo\/ -->\n<title>Coneix a l&#039;empresa i l&#039;equip de Cuarzo Piscinas i Exteriors<\/title>\n<meta name=\"description\" content=\"El nostre treball es divideix en tres \u00e0rees principals: el disseny i definici\u00f3 del projecte en coordinaci\u00f3 amb el client, l&#039;execuci\u00f3 de l&#039;obra i el servei post venda, assessorament permanent i garantia de 20 anys en la construcci\u00f3 de piscines.\" \/>\n<meta name=\"robots\" content=\"index, follow, max-snippet:-1, max-image-preview:large, max-video-preview:-1\" \/>\n<link rel=\"canonical\" href=\"https:\/\/cuarzopiscinas.com\/ca\/nosaltres\/\" \/>\n<meta property=\"og:locale\" content=\"ca_ES\" \/>\n<meta property=\"og:type\" content=\"article\" \/>\n<meta property=\"og:title\" content=\"Coneix a l&#039;empresa i l&#039;equip de Cuarzo Piscinas i Exteriors\" \/>\n<meta property=\"og:description\" content=\"El nostre treball es divideix en tres \u00e0rees principals: el disseny i definici\u00f3 del projecte en coordinaci\u00f3 amb el client, l&#039;execuci\u00f3 de l&#039;obra i el servei post venda, assessorament permanent i garantia de 20 anys en la construcci\u00f3 de piscines.\" \/>\n<meta property=\"og:url\" content=\"https:\/\/cuarzopiscinas.com\/ca\/nosaltres\/\" \/>\n<meta property=\"og:site_name\" content=\"Cuarzo Piscinas - Expertos en la construcci\u00f3n de piscinas en Tarragona\" \/>\n<meta property=\"article:modified_time\" content=\"2024-10-14T10:24:00+00:00\" \/>\n<meta property=\"og:image\" content=\"https:\/\/cuarzopiscinas.com\/wp-content\/uploads\/2019\/06\/cuarzo-equipo.jpg\" \/>\n\t<meta property=\"og:image:width\" content=\"1798\" \/>\n\t<meta property=\"og:image:height\" content=\"1200\" \/>\n\t<meta property=\"og:image:type\" content=\"image\/jpeg\" \/>\n<meta name=\"twitter:card\" content=\"summary_large_image\" \/>\n<meta name=\"twitter:label1\" content=\"Temps estimat de lectura\" \/>\n\t<meta name=\"twitter:data1\" content=\"3 minuts\" \/>\n<script type=\"application\/ld+json\" class=\"yoast-schema-graph\">{\"@context\":\"https:\/\/schema.org\",\"@graph\":[{\"@type\":\"WebPage\",\"@id\":\"https:\/\/cuarzopiscinas.com\/ca\/nosaltres\/\",\"url\":\"https:\/\/cuarzopiscinas.com\/ca\/nosaltres\/\",\"name\":\"Coneix a l'empresa i l'equip de Cuarzo Piscinas i Exteriors\",\"isPartOf\":{\"@id\":\"https:\/\/cuarzopiscinas.com\/#website\"},\"primaryImageOfPage\":{\"@id\":\"https:\/\/cuarzopiscinas.com\/ca\/nosaltres\/#primaryimage\"},\"image\":{\"@id\":\"https:\/\/cuarzopiscinas.com\/ca\/nosaltres\/#primaryimage\"},\"thumbnailUrl\":\"https:\/\/cuarzopiscinas.com\/wp-content\/uploads\/2019\/06\/cuarzo-equipo.jpg\",\"datePublished\":\"2017-04-10T14:21:03+00:00\",\"dateModified\":\"2024-10-14T10:24:00+00:00\",\"description\":\"El nostre treball es divideix en tres \u00e0rees principals: el disseny i definici\u00f3 del projecte en coordinaci\u00f3 amb el client, l'execuci\u00f3 de l'obra i el servei post venda, assessorament permanent i garantia de 20 anys en la construcci\u00f3 de piscines.\",\"breadcrumb\":{\"@id\":\"https:\/\/cuarzopiscinas.com\/ca\/nosaltres\/#breadcrumb\"},\"inLanguage\":\"ca\",\"potentialAction\":[{\"@type\":\"ReadAction\",\"target\":[\"https:\/\/cuarzopiscinas.com\/ca\/nosaltres\/\"]}]},{\"@type\":\"ImageObject\",\"inLanguage\":\"ca\",\"@id\":\"https:\/\/cuarzopiscinas.com\/ca\/nosaltres\/#primaryimage\",\"url\":\"https:\/\/cuarzopiscinas.com\/wp-content\/uploads\/2019\/06\/cuarzo-equipo.jpg\",\"contentUrl\":\"https:\/\/cuarzopiscinas.com\/wp-content\/uploads\/2019\/06\/cuarzo-equipo.jpg\",\"width\":1798,\"height\":1200},{\"@type\":\"BreadcrumbList\",\"@id\":\"https:\/\/cuarzopiscinas.com\/ca\/nosaltres\/#breadcrumb\",\"itemListElement\":[{\"@type\":\"ListItem\",\"position\":1,\"name\":\"Portada\",\"item\":\"https:\/\/cuarzopiscinas.com\/ca\/\"},{\"@type\":\"ListItem\",\"position\":2,\"name\":\"Nosaltres\"}]},{\"@type\":\"WebSite\",\"@id\":\"https:\/\/cuarzopiscinas.com\/#website\",\"url\":\"https:\/\/cuarzopiscinas.com\/\",\"name\":\"Cuarzo Piscinas - Expertos en la construcci\u00f3n de piscinas en Tarragona\",\"description\":\"Cuarzo Piscinas y exteriores, construir piscinas, dise\u00f1ar piscinas y rehabilitar piscinas. Piscinas con garant\u00eda de 20 a\u00f1os. Empresa de piscinas.\",\"potentialAction\":[{\"@type\":\"SearchAction\",\"target\":{\"@type\":\"EntryPoint\",\"urlTemplate\":\"https:\/\/cuarzopiscinas.com\/?s={search_term_string}\"},\"query-input\":{\"@type\":\"PropertyValueSpecification\",\"valueRequired\":true,\"valueName\":\"search_term_string\"}}],\"inLanguage\":\"ca\"}]}<\/script>\n<!-- \/ Yoast SEO plugin. -->","yoast_head_json":{"title":"Coneix a l'empresa i l'equip de Cuarzo Piscinas i Exteriors","description":"El nostre treball es divideix en tres \u00e0rees principals: el disseny i definici\u00f3 del projecte en coordinaci\u00f3 amb el client, l'execuci\u00f3 de l'obra i el servei post venda, assessorament permanent i garantia de 20 anys en la construcci\u00f3 de piscines.","robots":{"index":"index","follow":"follow","max-snippet":"max-snippet:-1","max-image-preview":"max-image-preview:large","max-video-preview":"max-video-preview:-1"},"canonical":"https:\/\/cuarzopiscinas.com\/ca\/nosaltres\/","og_locale":"ca_ES","og_type":"article","og_title":"Coneix a l'empresa i l'equip de Cuarzo Piscinas i Exteriors","og_description":"El nostre treball es divideix en tres \u00e0rees principals: el disseny i definici\u00f3 del projecte en coordinaci\u00f3 amb el client, l'execuci\u00f3 de l'obra i el servei post venda, assessorament permanent i garantia de 20 anys en la construcci\u00f3 de piscines.","og_url":"https:\/\/cuarzopiscinas.com\/ca\/nosaltres\/","og_site_name":"Cuarzo Piscinas - Expertos en la construcci\u00f3n de piscinas en Tarragona","article_modified_time":"2024-10-14T10:24:00+00:00","og_image":[{"width":1798,"height":1200,"url":"https:\/\/cuarzopiscinas.com\/wp-content\/uploads\/2019\/06\/cuarzo-equipo.jpg","type":"image\/jpeg"}],"twitter_card":"summary_large_image","twitter_misc":{"Temps estimat de lectura":"3 minuts"},"schema":{"@context":"https:\/\/schema.org","@graph":[{"@type":"WebPage","@id":"https:\/\/cuarzopiscinas.com\/ca\/nosaltres\/","url":"https:\/\/cuarzopiscinas.com\/ca\/nosaltres\/","name":"Coneix a l'empresa i l'equip de Cuarzo Piscinas i Exteriors","isPartOf":{"@id":"https:\/\/cuarzopiscinas.com\/#website"},"primaryImageOfPage":{"@id":"https:\/\/cuarzopiscinas.com\/ca\/nosaltres\/#primaryimage"},"image":{"@id":"https:\/\/cuarzopiscinas.com\/ca\/nosaltres\/#primaryimage"},"thumbnailUrl":"https:\/\/cuarzopiscinas.com\/wp-content\/uploads\/2019\/06\/cuarzo-equipo.jpg","datePublished":"2017-04-10T14:21:03+00:00","dateModified":"2024-10-14T10:24:00+00:00","description":"El nostre treball es divideix en tres \u00e0rees principals: el disseny i definici\u00f3 del projecte en coordinaci\u00f3 amb el client, l'execuci\u00f3 de l'obra i el servei post venda, assessorament permanent i garantia de 20 anys en la construcci\u00f3 de piscines.","breadcrumb":{"@id":"https:\/\/cuarzopiscinas.com\/ca\/nosaltres\/#breadcrumb"},"inLanguage":"ca","potentialAction":[{"@type":"ReadAction","target":["https:\/\/cuarzopiscinas.com\/ca\/nosaltres\/"]}]},{"@type":"ImageObject","inLanguage":"ca","@id":"https:\/\/cuarzopiscinas.com\/ca\/nosaltres\/#primaryimage","url":"https:\/\/cuarzopiscinas.com\/wp-content\/uploads\/2019\/06\/cuarzo-equipo.jpg","contentUrl":"https:\/\/cuarzopiscinas.com\/wp-content\/uploads\/2019\/06\/cuarzo-equipo.jpg","width":1798,"height":1200},{"@type":"BreadcrumbList","@id":"https:\/\/cuarzopiscinas.com\/ca\/nosaltres\/#breadcrumb","itemListElement":[{"@type":"ListItem","position":1,"name":"Portada","item":"https:\/\/cuarzopiscinas.com\/ca\/"},{"@type":"ListItem","position":2,"name":"Nosaltres"}]},{"@type":"WebSite","@id":"https:\/\/cuarzopiscinas.com\/#website","url":"https:\/\/cuarzopiscinas.com\/","name":"Cuarzo Piscinas - Expertos en la construcci\u00f3n de piscinas en Tarragona","description":"Cuarzo Piscinas y exteriores, construir piscinas, dise\u00f1ar piscinas y rehabilitar piscinas. Piscinas con garant\u00eda de 20 a\u00f1os. Empresa de piscinas.","potentialAction":[{"@type":"SearchAction","target":{"@type":"EntryPoint","urlTemplate":"https:\/\/cuarzopiscinas.com\/?s={search_term_string}"},"query-input":{"@type":"PropertyValueSpecification","valueRequired":true,"valueName":"search_term_string"}}],"inLanguage":"ca"}]}},"_links":{"self":[{"href":"https:\/\/cuarzopiscinas.com\/ca\/wp-json\/wp\/v2\/pages\/10667","targetHints":{"allow":["GET"]}}],"collection":[{"href":"https:\/\/cuarzopiscinas.com\/ca\/wp-json\/wp\/v2\/pages"}],"about":[{"href":"https:\/\/cuarzopiscinas.com\/ca\/wp-json\/wp\/v2\/types\/page"}],"author":[{"embeddable":true,"href":"https:\/\/cuarzopiscinas.com\/ca\/wp-json\/wp\/v2\/users\/1"}],"replies":[{"embeddable":true,"href":"https:\/\/cuarzopiscinas.com\/ca\/wp-json\/wp\/v2\/comments?post=10667"}],"version-history":[{"count":7,"href":"https:\/\/cuarzopiscinas.com\/ca\/wp-json\/wp\/v2\/pages\/10667\/revisions"}],"predecessor-version":[{"id":11408,"href":"https:\/\/cuarzopiscinas.com\/ca\/wp-json\/wp\/v2\/pages\/10667\/revisions\/11408"}],"wp:featuredmedia":[{"embeddable":true,"href":"https:\/\/cuarzopiscinas.com\/ca\/wp-json\/wp\/v2\/media\/10670"}],"wp:attachment":[{"href":"https:\/\/cuarzopiscinas.com\/ca\/wp-json\/wp\/v2\/media?parent=10667"}],"curies":[{"name":"wp","href":"https:\/\/api.w.org\/{rel}","templated":true}]}}