{"id":10796,"date":"2019-06-04T12:21:00","date_gmt":"2019-06-04T10:21:00","guid":{"rendered":"https:\/\/cuarzopiscinas.com\/piscinas-comunitarias\/"},"modified":"2025-10-24T11:34:03","modified_gmt":"2025-10-24T09:34:03","slug":"piscines-comunitaries","status":"publish","type":"page","link":"https:\/\/cuarzopiscinas.com\/ca\/piscines-comunitaries\/","title":{"rendered":"Piscines comunit\u00e0ries"},"content":{"rendered":"<p>[vc_row css=&#8221;.vc_custom_1559643633219{padding-top: 150px !important;padding-bottom: 150px !important;}&#8221;][vc_column][vc_masonry_media_grid element_width=&#8221;3&#8243; gap=&#8221;25&#8243; grid_id=&#8221;vc_gid:1761298358139-7c45d525-f07f-3&#8243; include=&#8221;11089,11095,11093,11091,11137,11145,11143,11141,11139,11103,11097,11099,11101,11135,11125,11133,11131,11129,11123,11121,11127,11117,11115,11119,11087,11085,11083,11077,11073,11067,11063,11065,11069,11071,11075,11079,11081,11167,11165,11043,11055,11049,11061,11045,11163,11059,11057,11053,11051,11161,11159,11157,11155,11153,11151,11149,11147,11111,11109,11107,11105,11113,11171,11169,11187,11185,11183,11181,11179,11175,11173,11177&#8243;][vc_masonry_media_grid element_width=&#8221;3&#8243; gap=&#8221;25&#8243; grid_id=&#8221;vc_gid:1761298358139-f7986fb1-a121-4&#8243; include=&#8221;10763,10765,10767,10769,10771,10773,10775,10777,10779,10781,10783,10785,10787,10789,10791,10793&#8243;][\/vc_column][\/vc_row]<\/p>\n","protected":false},"excerpt":{"rendered":"<p>[vc_row css=&#8221;.vc_custom_1559643633219{padding-top: 150px !important;padding-bottom: 150px !important;}&#8221;][vc_column][vc_masonry_media_grid element_width=&#8221;3&#8243; gap=&#8221;25&#8243; grid_id=&#8221;vc_gid:1761298358139-7c45d525-f07f-3&#8243; include=&#8221;11089,11095,11093,11091,11137,11145,11143,11141,11139,11103,11097,11099,11101,11135,11125,11133,11131,11129,11123,11121,11127,11117,11115,11119,11087,11085,11083,11077,11073,11067,11063,11065,11069,11071,11075,11079,11081,11167,11165,11043,11055,11049,11061,11045,11163,11059,11057,11053,11051,11161,11159,11157,11155,11153,11151,11149,11147,11111,11109,11107,11105,11113,11171,11169,11187,11185,11183,11181,11179,11175,11173,11177&#8243;][vc_masonry_media_grid element_width=&#8221;3&#8243; gap=&#8221;25&#8243; grid_id=&#8221;vc_gid:1761298358139-f7986fb1-a121-4&#8243; include=&#8221;10763,10765,10767,10769,10771,10773,10775,10777,10779,10781,10783,10785,10787,10789,10791,10793&#8243;][\/vc_column][\/vc_row]<\/p>\n","protected":false},"author":1,"featured_media":10660,"parent":0,"menu_order":0,"comment_status":"closed","ping_status":"closed","template":"","meta":{"footnotes":""},"class_list":["post-10796","page","type-page","status-publish","has-post-thumbnail","hentry"],"yoast_head":"<!-- This site is optimized with the Yoast SEO plugin v26.2 - https:\/\/yoast.com\/wordpress\/plugins\/seo\/ -->\n<title>Piscines comunit\u00e0ries - Cuarzo Piscinas i Exteriors<\/title>\n<meta name=\"description\" content=\"Exemples de construcci\u00f3 de piscines comunit\u00e0ries i reparacions de piscines a Tarragona. Excavaci\u00f3, disseny, construcci\u00f3 i tramitaci\u00f3 de projecte.\" \/>\n<meta name=\"robots\" content=\"index, follow, max-snippet:-1, max-image-preview:large, max-video-preview:-1\" \/>\n<link rel=\"canonical\" href=\"https:\/\/cuarzopiscinas.com\/ca\/piscines-comunitaries\/\" \/>\n<meta property=\"og:locale\" content=\"ca_ES\" \/>\n<meta property=\"og:type\" content=\"article\" \/>\n<meta property=\"og:title\" content=\"Piscines comunit\u00e0ries - Cuarzo Piscinas i Exteriors\" \/>\n<meta property=\"og:description\" content=\"Exemples de construcci\u00f3 de piscines comunit\u00e0ries i reparacions de piscines a Tarragona. Excavaci\u00f3, disseny, construcci\u00f3 i tramitaci\u00f3 de projecte.\" \/>\n<meta property=\"og:url\" content=\"https:\/\/cuarzopiscinas.com\/ca\/piscines-comunitaries\/\" \/>\n<meta property=\"og:site_name\" content=\"Cuarzo Piscinas - Expertos en la construcci\u00f3n de piscinas en Tarragona\" \/>\n<meta property=\"article:modified_time\" content=\"2025-10-24T09:34:03+00:00\" \/>\n<meta property=\"og:image\" content=\"https:\/\/cuarzopiscinas.com\/wp-content\/uploads\/2019\/06\/slider-comunitaria-2.jpg\" \/>\n\t<meta property=\"og:image:width\" content=\"1798\" \/>\n\t<meta property=\"og:image:height\" content=\"1200\" \/>\n\t<meta property=\"og:image:type\" content=\"image\/jpeg\" \/>\n<meta name=\"twitter:card\" content=\"summary_large_image\" \/>\n<meta name=\"twitter:label1\" content=\"Temps estimat de lectura\" \/>\n\t<meta name=\"twitter:data1\" content=\"1 minut\" \/>\n<script type=\"application\/ld+json\" class=\"yoast-schema-graph\">{\"@context\":\"https:\/\/schema.org\",\"@graph\":[{\"@type\":\"WebPage\",\"@id\":\"https:\/\/cuarzopiscinas.com\/ca\/piscines-comunitaries\/\",\"url\":\"https:\/\/cuarzopiscinas.com\/ca\/piscines-comunitaries\/\",\"name\":\"Piscines comunit\u00e0ries - Cuarzo Piscinas i Exteriors\",\"isPartOf\":{\"@id\":\"https:\/\/cuarzopiscinas.com\/#website\"},\"primaryImageOfPage\":{\"@id\":\"https:\/\/cuarzopiscinas.com\/ca\/piscines-comunitaries\/#primaryimage\"},\"image\":{\"@id\":\"https:\/\/cuarzopiscinas.com\/ca\/piscines-comunitaries\/#primaryimage\"},\"thumbnailUrl\":\"https:\/\/cuarzopiscinas.com\/wp-content\/uploads\/2019\/06\/slider-comunitaria-2.jpg\",\"datePublished\":\"2019-06-04T10:21:00+00:00\",\"dateModified\":\"2025-10-24T09:34:03+00:00\",\"description\":\"Exemples de construcci\u00f3 de piscines comunit\u00e0ries i reparacions de piscines a Tarragona. Excavaci\u00f3, disseny, construcci\u00f3 i tramitaci\u00f3 de projecte.\",\"breadcrumb\":{\"@id\":\"https:\/\/cuarzopiscinas.com\/ca\/piscines-comunitaries\/#breadcrumb\"},\"inLanguage\":\"ca\",\"potentialAction\":[{\"@type\":\"ReadAction\",\"target\":[\"https:\/\/cuarzopiscinas.com\/ca\/piscines-comunitaries\/\"]}]},{\"@type\":\"ImageObject\",\"inLanguage\":\"ca\",\"@id\":\"https:\/\/cuarzopiscinas.com\/ca\/piscines-comunitaries\/#primaryimage\",\"url\":\"https:\/\/cuarzopiscinas.com\/wp-content\/uploads\/2019\/06\/slider-comunitaria-2.jpg\",\"contentUrl\":\"https:\/\/cuarzopiscinas.com\/wp-content\/uploads\/2019\/06\/slider-comunitaria-2.jpg\",\"width\":1798,\"height\":1200},{\"@type\":\"BreadcrumbList\",\"@id\":\"https:\/\/cuarzopiscinas.com\/ca\/piscines-comunitaries\/#breadcrumb\",\"itemListElement\":[{\"@type\":\"ListItem\",\"position\":1,\"name\":\"Portada\",\"item\":\"https:\/\/cuarzopiscinas.com\/ca\/\"},{\"@type\":\"ListItem\",\"position\":2,\"name\":\"Piscines comunit\u00e0ries\"}]},{\"@type\":\"WebSite\",\"@id\":\"https:\/\/cuarzopiscinas.com\/#website\",\"url\":\"https:\/\/cuarzopiscinas.com\/\",\"name\":\"Cuarzo Piscinas - Expertos en la construcci\u00f3n de piscinas en Tarragona\",\"description\":\"Cuarzo Piscinas y exteriores, construir piscinas, dise\u00f1ar piscinas y rehabilitar piscinas. Piscinas con garant\u00eda de 20 a\u00f1os. Empresa de piscinas.\",\"potentialAction\":[{\"@type\":\"SearchAction\",\"target\":{\"@type\":\"EntryPoint\",\"urlTemplate\":\"https:\/\/cuarzopiscinas.com\/?s={search_term_string}\"},\"query-input\":{\"@type\":\"PropertyValueSpecification\",\"valueRequired\":true,\"valueName\":\"search_term_string\"}}],\"inLanguage\":\"ca\"}]}<\/script>\n<!-- \/ Yoast SEO plugin. -->","yoast_head_json":{"title":"Piscines comunit\u00e0ries - Cuarzo Piscinas i Exteriors","description":"Exemples de construcci\u00f3 de piscines comunit\u00e0ries i reparacions de piscines a Tarragona. Excavaci\u00f3, disseny, construcci\u00f3 i tramitaci\u00f3 de projecte.","robots":{"index":"index","follow":"follow","max-snippet":"max-snippet:-1","max-image-preview":"max-image-preview:large","max-video-preview":"max-video-preview:-1"},"canonical":"https:\/\/cuarzopiscinas.com\/ca\/piscines-comunitaries\/","og_locale":"ca_ES","og_type":"article","og_title":"Piscines comunit\u00e0ries - Cuarzo Piscinas i Exteriors","og_description":"Exemples de construcci\u00f3 de piscines comunit\u00e0ries i reparacions de piscines a Tarragona. Excavaci\u00f3, disseny, construcci\u00f3 i tramitaci\u00f3 de projecte.","og_url":"https:\/\/cuarzopiscinas.com\/ca\/piscines-comunitaries\/","og_site_name":"Cuarzo Piscinas - Expertos en la construcci\u00f3n de piscinas en Tarragona","article_modified_time":"2025-10-24T09:34:03+00:00","og_image":[{"width":1798,"height":1200,"url":"https:\/\/cuarzopiscinas.com\/wp-content\/uploads\/2019\/06\/slider-comunitaria-2.jpg","type":"image\/jpeg"}],"twitter_card":"summary_large_image","twitter_misc":{"Temps estimat de lectura":"1 minut"},"schema":{"@context":"https:\/\/schema.org","@graph":[{"@type":"WebPage","@id":"https:\/\/cuarzopiscinas.com\/ca\/piscines-comunitaries\/","url":"https:\/\/cuarzopiscinas.com\/ca\/piscines-comunitaries\/","name":"Piscines comunit\u00e0ries - Cuarzo Piscinas i Exteriors","isPartOf":{"@id":"https:\/\/cuarzopiscinas.com\/#website"},"primaryImageOfPage":{"@id":"https:\/\/cuarzopiscinas.com\/ca\/piscines-comunitaries\/#primaryimage"},"image":{"@id":"https:\/\/cuarzopiscinas.com\/ca\/piscines-comunitaries\/#primaryimage"},"thumbnailUrl":"https:\/\/cuarzopiscinas.com\/wp-content\/uploads\/2019\/06\/slider-comunitaria-2.jpg","datePublished":"2019-06-04T10:21:00+00:00","dateModified":"2025-10-24T09:34:03+00:00","description":"Exemples de construcci\u00f3 de piscines comunit\u00e0ries i reparacions de piscines a Tarragona. Excavaci\u00f3, disseny, construcci\u00f3 i tramitaci\u00f3 de projecte.","breadcrumb":{"@id":"https:\/\/cuarzopiscinas.com\/ca\/piscines-comunitaries\/#breadcrumb"},"inLanguage":"ca","potentialAction":[{"@type":"ReadAction","target":["https:\/\/cuarzopiscinas.com\/ca\/piscines-comunitaries\/"]}]},{"@type":"ImageObject","inLanguage":"ca","@id":"https:\/\/cuarzopiscinas.com\/ca\/piscines-comunitaries\/#primaryimage","url":"https:\/\/cuarzopiscinas.com\/wp-content\/uploads\/2019\/06\/slider-comunitaria-2.jpg","contentUrl":"https:\/\/cuarzopiscinas.com\/wp-content\/uploads\/2019\/06\/slider-comunitaria-2.jpg","width":1798,"height":1200},{"@type":"BreadcrumbList","@id":"https:\/\/cuarzopiscinas.com\/ca\/piscines-comunitaries\/#breadcrumb","itemListElement":[{"@type":"ListItem","position":1,"name":"Portada","item":"https:\/\/cuarzopiscinas.com\/ca\/"},{"@type":"ListItem","position":2,"name":"Piscines comunit\u00e0ries"}]},{"@type":"WebSite","@id":"https:\/\/cuarzopiscinas.com\/#website","url":"https:\/\/cuarzopiscinas.com\/","name":"Cuarzo Piscinas - Expertos en la construcci\u00f3n de piscinas en Tarragona","description":"Cuarzo Piscinas y exteriores, construir piscinas, dise\u00f1ar piscinas y rehabilitar piscinas. Piscinas con garant\u00eda de 20 a\u00f1os. Empresa de piscinas.","potentialAction":[{"@type":"SearchAction","target":{"@type":"EntryPoint","urlTemplate":"https:\/\/cuarzopiscinas.com\/?s={search_term_string}"},"query-input":{"@type":"PropertyValueSpecification","valueRequired":true,"valueName":"search_term_string"}}],"inLanguage":"ca"}]}},"_links":{"self":[{"href":"https:\/\/cuarzopiscinas.com\/ca\/wp-json\/wp\/v2\/pages\/10796","targetHints":{"allow":["GET"]}}],"collection":[{"href":"https:\/\/cuarzopiscinas.com\/ca\/wp-json\/wp\/v2\/pages"}],"about":[{"href":"https:\/\/cuarzopiscinas.com\/ca\/wp-json\/wp\/v2\/types\/page"}],"author":[{"embeddable":true,"href":"https:\/\/cuarzopiscinas.com\/ca\/wp-json\/wp\/v2\/users\/1"}],"replies":[{"embeddable":true,"href":"https:\/\/cuarzopiscinas.com\/ca\/wp-json\/wp\/v2\/comments?post=10796"}],"version-history":[{"count":9,"href":"https:\/\/cuarzopiscinas.com\/ca\/wp-json\/wp\/v2\/pages\/10796\/revisions"}],"predecessor-version":[{"id":11642,"href":"https:\/\/cuarzopiscinas.com\/ca\/wp-json\/wp\/v2\/pages\/10796\/revisions\/11642"}],"wp:featuredmedia":[{"embeddable":true,"href":"https:\/\/cuarzopiscinas.com\/ca\/wp-json\/wp\/v2\/media\/10660"}],"wp:attachment":[{"href":"https:\/\/cuarzopiscinas.com\/ca\/wp-json\/wp\/v2\/media?parent=10796"}],"curies":[{"name":"wp","href":"https:\/\/api.w.org\/{rel}","templated":true}]}}