{"id":11258,"date":"2021-11-30T12:37:21","date_gmt":"2021-11-30T11:37:21","guid":{"rendered":"https:\/\/cuarzopiscinas.com\/piscinas-particulares\/"},"modified":"2025-10-24T11:31:52","modified_gmt":"2025-10-24T09:31:52","slug":"piscines-particulars","status":"publish","type":"page","link":"https:\/\/cuarzopiscinas.com\/ca\/piscines-particulars\/","title":{"rendered":"Piscines particulars"},"content":{"rendered":"<p>[vc_row css=&#8221;.vc_custom_1559643633219{padding-top: 150px !important;padding-bottom: 150px !important;}&#8221;][vc_column][vc_masonry_media_grid element_width=&#8221;3&#8243; gap=&#8221;20&#8243; grid_id=&#8221;vc_gid:1761297970133-71ee1935-f7b2-8&#8243; include=&#8221;11299,11308,11305,11301,11303,11417,11415,11413,11419,11421,11431,11429,11427,11425,11441,11447,11445,11443,11398,11396,11322,11318,11392,11390,11388,11386,11384,11382,11380,11453,11451,11449,11394,11378,11376,11374,11372,11370,11368,11366,11635,11364,11362,11360,11358,11356,11354,11352,11350,11348,11346,11287,11344,11285,11283,11281,11342,11340,11338,11336,11334,11332,11330,11328,11326,11324,11297,11295,11293,11291,11289,11279,11277,11275,11273,11271,11269,11267,11265,11633,11631,11629,11627,11625,11623,11621,11619,11617,11615,11613,11611,11609,11607,11605,11603,11601,11599,11597,11595,11593,11591,11589,11587,11585,11583,11464,11462,11460,11458,11456,11439,11437,11435,11433&#8243;][vc_masonry_media_grid element_width=&#8221;3&#8243; gap=&#8221;20&#8243; grid_id=&#8221;vc_gid:1761297970134-bf83a579-1994-7&#8243; include=&#8221;10704,10706,10708,10710,10712,10714,10716,10718,10720,10722,10724,10726,10728,10730,10732,10734,10736,10738,10740,10742,10853,10855,10857,10859,10861,10863,10865,10867,10869,10871,10906,10904,10902,10900,10896,10894,10892,10890,10875,10873,10910,10912,10914,10916,10926,10928,10930,10932,10934,10936,10938,10940,10950,10952,10954,10956,11265,11267,11269,11271,11273,11275,11277,11279&#8243;][\/vc_column][\/vc_row]<\/p>\n","protected":false},"excerpt":{"rendered":"<p>[vc_row css=&#8221;.vc_custom_1559643633219{padding-top: 150px !important;padding-bottom: 150px !important;}&#8221;][vc_column][vc_masonry_media_grid element_width=&#8221;3&#8243; gap=&#8221;20&#8243; grid_id=&#8221;vc_gid:1761297970133-71ee1935-f7b2-8&#8243; include=&#8221;11299,11308,11305,11301,11303,11417,11415,11413,11419,11421,11431,11429,11427,11425,11441,11447,11445,11443,11398,11396,11322,11318,11392,11390,11388,11386,11384,11382,11380,11453,11451,11449,11394,11378,11376,11374,11372,11370,11368,11366,11635,11364,11362,11360,11358,11356,11354,11352,11350,11348,11346,11287,11344,11285,11283,11281,11342,11340,11338,11336,11334,11332,11330,11328,11326,11324,11297,11295,11293,11291,11289,11279,11277,11275,11273,11271,11269,11267,11265,11633,11631,11629,11627,11625,11623,11621,11619,11617,11615,11613,11611,11609,11607,11605,11603,11601,11599,11597,11595,11593,11591,11589,11587,11585,11583,11464,11462,11460,11458,11456,11439,11437,11435,11433&#8243;][vc_masonry_media_grid element_width=&#8221;3&#8243; gap=&#8221;20&#8243; grid_id=&#8221;vc_gid:1761297970134-bf83a579-1994-7&#8243; include=&#8221;10704,10706,10708,10710,10712,10714,10716,10718,10720,10722,10724,10726,10728,10730,10732,10734,10736,10738,10740,10742,10853,10855,10857,10859,10861,10863,10865,10867,10869,10871,10906,10904,10902,10900,10896,10894,10892,10890,10875,10873,10910,10912,10914,10916,10926,10928,10930,10932,10934,10936,10938,10940,10950,10952,10954,10956,11265,11267,11269,11271,11273,11275,11277,11279&#8243;][\/vc_column][\/vc_row]<\/p>\n","protected":false},"author":1,"featured_media":10661,"parent":0,"menu_order":0,"comment_status":"closed","ping_status":"closed","template":"","meta":{"footnotes":""},"class_list":["post-11258","page","type-page","status-publish","has-post-thumbnail","hentry"],"yoast_head":"<!-- This site is optimized with the Yoast SEO plugin v26.2 - https:\/\/yoast.com\/wordpress\/plugins\/seo\/ -->\n<title>Piscines particulars - Cuarzo Piscinas y Exteriores<\/title>\n<meta name=\"description\" content=\"Exemples de construcci\u00f3 de piscines particulars i reparacions de piscines a Tarragona. Excavaci\u00f3, disseny, construcci\u00f3 i tramitaci\u00f3 de projecte.\" \/>\n<meta name=\"robots\" content=\"index, follow, max-snippet:-1, max-image-preview:large, max-video-preview:-1\" \/>\n<link rel=\"canonical\" href=\"https:\/\/cuarzopiscinas.com\/ca\/piscines-particulars\/\" \/>\n<meta property=\"og:locale\" content=\"ca_ES\" \/>\n<meta property=\"og:type\" content=\"article\" \/>\n<meta property=\"og:title\" content=\"Piscines particulars - Cuarzo Piscinas y Exteriores\" \/>\n<meta property=\"og:description\" content=\"Exemples de construcci\u00f3 de piscines particulars i reparacions de piscines a Tarragona. Excavaci\u00f3, disseny, construcci\u00f3 i tramitaci\u00f3 de projecte.\" \/>\n<meta property=\"og:url\" content=\"https:\/\/cuarzopiscinas.com\/ca\/piscines-particulars\/\" \/>\n<meta property=\"og:site_name\" content=\"Cuarzo Piscinas - Expertos en la construcci\u00f3n de piscinas en Tarragona\" \/>\n<meta property=\"article:modified_time\" content=\"2025-10-24T09:31:52+00:00\" \/>\n<meta property=\"og:image\" content=\"https:\/\/cuarzopiscinas.com\/wp-content\/uploads\/2019\/06\/slider-home-1.jpg\" \/>\n\t<meta property=\"og:image:width\" content=\"1798\" \/>\n\t<meta property=\"og:image:height\" content=\"1200\" \/>\n\t<meta property=\"og:image:type\" content=\"image\/jpeg\" \/>\n<meta name=\"twitter:card\" content=\"summary_large_image\" \/>\n<meta name=\"twitter:label1\" content=\"Temps estimat de lectura\" \/>\n\t<meta name=\"twitter:data1\" content=\"1 minut\" \/>\n<script type=\"application\/ld+json\" class=\"yoast-schema-graph\">{\"@context\":\"https:\/\/schema.org\",\"@graph\":[{\"@type\":\"WebPage\",\"@id\":\"https:\/\/cuarzopiscinas.com\/ca\/piscines-particulars\/\",\"url\":\"https:\/\/cuarzopiscinas.com\/ca\/piscines-particulars\/\",\"name\":\"Piscines particulars - Cuarzo Piscinas y Exteriores\",\"isPartOf\":{\"@id\":\"https:\/\/cuarzopiscinas.com\/#website\"},\"primaryImageOfPage\":{\"@id\":\"https:\/\/cuarzopiscinas.com\/ca\/piscines-particulars\/#primaryimage\"},\"image\":{\"@id\":\"https:\/\/cuarzopiscinas.com\/ca\/piscines-particulars\/#primaryimage\"},\"thumbnailUrl\":\"https:\/\/cuarzopiscinas.com\/wp-content\/uploads\/2019\/06\/slider-home-1.jpg\",\"datePublished\":\"2021-11-30T11:37:21+00:00\",\"dateModified\":\"2025-10-24T09:31:52+00:00\",\"description\":\"Exemples de construcci\u00f3 de piscines particulars i reparacions de piscines a Tarragona. Excavaci\u00f3, disseny, construcci\u00f3 i tramitaci\u00f3 de projecte.\",\"breadcrumb\":{\"@id\":\"https:\/\/cuarzopiscinas.com\/ca\/piscines-particulars\/#breadcrumb\"},\"inLanguage\":\"ca\",\"potentialAction\":[{\"@type\":\"ReadAction\",\"target\":[\"https:\/\/cuarzopiscinas.com\/ca\/piscines-particulars\/\"]}]},{\"@type\":\"ImageObject\",\"inLanguage\":\"ca\",\"@id\":\"https:\/\/cuarzopiscinas.com\/ca\/piscines-particulars\/#primaryimage\",\"url\":\"https:\/\/cuarzopiscinas.com\/wp-content\/uploads\/2019\/06\/slider-home-1.jpg\",\"contentUrl\":\"https:\/\/cuarzopiscinas.com\/wp-content\/uploads\/2019\/06\/slider-home-1.jpg\",\"width\":1798,\"height\":1200},{\"@type\":\"BreadcrumbList\",\"@id\":\"https:\/\/cuarzopiscinas.com\/ca\/piscines-particulars\/#breadcrumb\",\"itemListElement\":[{\"@type\":\"ListItem\",\"position\":1,\"name\":\"Portada\",\"item\":\"https:\/\/cuarzopiscinas.com\/ca\/\"},{\"@type\":\"ListItem\",\"position\":2,\"name\":\"Piscines particulars\"}]},{\"@type\":\"WebSite\",\"@id\":\"https:\/\/cuarzopiscinas.com\/#website\",\"url\":\"https:\/\/cuarzopiscinas.com\/\",\"name\":\"Cuarzo Piscinas - Expertos en la construcci\u00f3n de piscinas en Tarragona\",\"description\":\"Cuarzo Piscinas y exteriores, construir piscinas, dise\u00f1ar piscinas y rehabilitar piscinas. Piscinas con garant\u00eda de 20 a\u00f1os. Empresa de piscinas.\",\"potentialAction\":[{\"@type\":\"SearchAction\",\"target\":{\"@type\":\"EntryPoint\",\"urlTemplate\":\"https:\/\/cuarzopiscinas.com\/?s={search_term_string}\"},\"query-input\":{\"@type\":\"PropertyValueSpecification\",\"valueRequired\":true,\"valueName\":\"search_term_string\"}}],\"inLanguage\":\"ca\"}]}<\/script>\n<!-- \/ Yoast SEO plugin. -->","yoast_head_json":{"title":"Piscines particulars - Cuarzo Piscinas y Exteriores","description":"Exemples de construcci\u00f3 de piscines particulars i reparacions de piscines a Tarragona. Excavaci\u00f3, disseny, construcci\u00f3 i tramitaci\u00f3 de projecte.","robots":{"index":"index","follow":"follow","max-snippet":"max-snippet:-1","max-image-preview":"max-image-preview:large","max-video-preview":"max-video-preview:-1"},"canonical":"https:\/\/cuarzopiscinas.com\/ca\/piscines-particulars\/","og_locale":"ca_ES","og_type":"article","og_title":"Piscines particulars - Cuarzo Piscinas y Exteriores","og_description":"Exemples de construcci\u00f3 de piscines particulars i reparacions de piscines a Tarragona. Excavaci\u00f3, disseny, construcci\u00f3 i tramitaci\u00f3 de projecte.","og_url":"https:\/\/cuarzopiscinas.com\/ca\/piscines-particulars\/","og_site_name":"Cuarzo Piscinas - Expertos en la construcci\u00f3n de piscinas en Tarragona","article_modified_time":"2025-10-24T09:31:52+00:00","og_image":[{"width":1798,"height":1200,"url":"https:\/\/cuarzopiscinas.com\/wp-content\/uploads\/2019\/06\/slider-home-1.jpg","type":"image\/jpeg"}],"twitter_card":"summary_large_image","twitter_misc":{"Temps estimat de lectura":"1 minut"},"schema":{"@context":"https:\/\/schema.org","@graph":[{"@type":"WebPage","@id":"https:\/\/cuarzopiscinas.com\/ca\/piscines-particulars\/","url":"https:\/\/cuarzopiscinas.com\/ca\/piscines-particulars\/","name":"Piscines particulars - Cuarzo Piscinas y Exteriores","isPartOf":{"@id":"https:\/\/cuarzopiscinas.com\/#website"},"primaryImageOfPage":{"@id":"https:\/\/cuarzopiscinas.com\/ca\/piscines-particulars\/#primaryimage"},"image":{"@id":"https:\/\/cuarzopiscinas.com\/ca\/piscines-particulars\/#primaryimage"},"thumbnailUrl":"https:\/\/cuarzopiscinas.com\/wp-content\/uploads\/2019\/06\/slider-home-1.jpg","datePublished":"2021-11-30T11:37:21+00:00","dateModified":"2025-10-24T09:31:52+00:00","description":"Exemples de construcci\u00f3 de piscines particulars i reparacions de piscines a Tarragona. Excavaci\u00f3, disseny, construcci\u00f3 i tramitaci\u00f3 de projecte.","breadcrumb":{"@id":"https:\/\/cuarzopiscinas.com\/ca\/piscines-particulars\/#breadcrumb"},"inLanguage":"ca","potentialAction":[{"@type":"ReadAction","target":["https:\/\/cuarzopiscinas.com\/ca\/piscines-particulars\/"]}]},{"@type":"ImageObject","inLanguage":"ca","@id":"https:\/\/cuarzopiscinas.com\/ca\/piscines-particulars\/#primaryimage","url":"https:\/\/cuarzopiscinas.com\/wp-content\/uploads\/2019\/06\/slider-home-1.jpg","contentUrl":"https:\/\/cuarzopiscinas.com\/wp-content\/uploads\/2019\/06\/slider-home-1.jpg","width":1798,"height":1200},{"@type":"BreadcrumbList","@id":"https:\/\/cuarzopiscinas.com\/ca\/piscines-particulars\/#breadcrumb","itemListElement":[{"@type":"ListItem","position":1,"name":"Portada","item":"https:\/\/cuarzopiscinas.com\/ca\/"},{"@type":"ListItem","position":2,"name":"Piscines particulars"}]},{"@type":"WebSite","@id":"https:\/\/cuarzopiscinas.com\/#website","url":"https:\/\/cuarzopiscinas.com\/","name":"Cuarzo Piscinas - Expertos en la construcci\u00f3n de piscinas en Tarragona","description":"Cuarzo Piscinas y exteriores, construir piscinas, dise\u00f1ar piscinas y rehabilitar piscinas. Piscinas con garant\u00eda de 20 a\u00f1os. Empresa de piscinas.","potentialAction":[{"@type":"SearchAction","target":{"@type":"EntryPoint","urlTemplate":"https:\/\/cuarzopiscinas.com\/?s={search_term_string}"},"query-input":{"@type":"PropertyValueSpecification","valueRequired":true,"valueName":"search_term_string"}}],"inLanguage":"ca"}]}},"_links":{"self":[{"href":"https:\/\/cuarzopiscinas.com\/ca\/wp-json\/wp\/v2\/pages\/11258","targetHints":{"allow":["GET"]}}],"collection":[{"href":"https:\/\/cuarzopiscinas.com\/ca\/wp-json\/wp\/v2\/pages"}],"about":[{"href":"https:\/\/cuarzopiscinas.com\/ca\/wp-json\/wp\/v2\/types\/page"}],"author":[{"embeddable":true,"href":"https:\/\/cuarzopiscinas.com\/ca\/wp-json\/wp\/v2\/users\/1"}],"replies":[{"embeddable":true,"href":"https:\/\/cuarzopiscinas.com\/ca\/wp-json\/wp\/v2\/comments?post=11258"}],"version-history":[{"count":10,"href":"https:\/\/cuarzopiscinas.com\/ca\/wp-json\/wp\/v2\/pages\/11258\/revisions"}],"predecessor-version":[{"id":11641,"href":"https:\/\/cuarzopiscinas.com\/ca\/wp-json\/wp\/v2\/pages\/11258\/revisions\/11641"}],"wp:featuredmedia":[{"embeddable":true,"href":"https:\/\/cuarzopiscinas.com\/ca\/wp-json\/wp\/v2\/media\/10661"}],"wp:attachment":[{"href":"https:\/\/cuarzopiscinas.com\/ca\/wp-json\/wp\/v2\/media?parent=11258"}],"curies":[{"name":"wp","href":"https:\/\/api.w.org\/{rel}","templated":true}]}}