{"id":11261,"date":"2021-11-30T12:27:05","date_gmt":"2021-11-30T11:27:05","guid":{"rendered":"https:\/\/cuarzopiscinas.com\/piscinas-rosa-gres\/"},"modified":"2025-10-24T12:16:18","modified_gmt":"2025-10-24T10:16:18","slug":"piscines-rosa-gres","status":"publish","type":"page","link":"https:\/\/cuarzopiscinas.com\/ca\/piscines-rosa-gres\/","title":{"rendered":"Piscines Rosa Gres"},"content":{"rendered":"<p>[vc_row css=&#8221;.vc_custom_1559643633219{padding-top: 150px !important;padding-bottom: 150px !important;}&#8221;][vc_column][vc_masonry_media_grid element_width=&#8221;3&#8243; gap=&#8221;20&#8243; grid_id=&#8221;vc_gid:1761300684597-74a17910-709a-6&#8243; include=&#8221;11819,11793,11783,11801,11945,11941,11935,11927,11917,11905,11903,11891,11889,11885,11883,11879,11873,11859,11857,11853,11849,11847,11845,11843,11841,11837,11835,11831,11829,11827,11825,11823,11817,11815,11813,11811,11803,11791,11781,11777,11775,11773,11771,11769,11767,11765,11763,11761,11759,11757,11755,11747,11745,11743,11737,11735,11733,11695,11693,11689,11687,11685,11673,11675,11677,11679,11681,11683,11721,11723,11725,11729,11715,11713,11711,11709,11707,11705,11703,11701,11699,11697,11671,11669,11667,11665,11663,11661,11659,11657,11655,11653,11651,11649,11647,11645&#8243;][vc_masonry_media_grid element_width=&#8221;3&#8243; gap=&#8221;20&#8243; grid_id=&#8221;vc_gid:1761300684598-c44a5c8e-0b66-0&#8243; include=&#8221;10959,10965,10967,10969,10971,10973,10975,10977,10979,10981,10983,10985,10987,10989,11195,11197,11199,11201,11203,11205,11207,11209,11211,11213,11215,11217,11219,11221,11223,11225,11227,11229,11231,11233,11235,11238,11240,11242,11244,11246,11248,11250,11252,11263&#8243;][\/vc_column][\/vc_row]<\/p>\n","protected":false},"excerpt":{"rendered":"<p>[vc_row css=&#8221;.vc_custom_1559643633219{padding-top: 150px !important;padding-bottom: 150px !important;}&#8221;][vc_column][vc_masonry_media_grid element_width=&#8221;3&#8243; gap=&#8221;20&#8243; grid_id=&#8221;vc_gid:1761300684597-74a17910-709a-6&#8243; include=&#8221;11819,11793,11783,11801,11945,11941,11935,11927,11917,11905,11903,11891,11889,11885,11883,11879,11873,11859,11857,11853,11849,11847,11845,11843,11841,11837,11835,11831,11829,11827,11825,11823,11817,11815,11813,11811,11803,11791,11781,11777,11775,11773,11771,11769,11767,11765,11763,11761,11759,11757,11755,11747,11745,11743,11737,11735,11733,11695,11693,11689,11687,11685,11673,11675,11677,11679,11681,11683,11721,11723,11725,11729,11715,11713,11711,11709,11707,11705,11703,11701,11699,11697,11671,11669,11667,11665,11663,11661,11659,11657,11655,11653,11651,11649,11647,11645&#8243;][vc_masonry_media_grid element_width=&#8221;3&#8243; gap=&#8221;20&#8243; grid_id=&#8221;vc_gid:1761300684598-c44a5c8e-0b66-0&#8243; include=&#8221;10959,10965,10967,10969,10971,10973,10975,10977,10979,10981,10983,10985,10987,10989,11195,11197,11199,11201,11203,11205,11207,11209,11211,11213,11215,11217,11219,11221,11223,11225,11227,11229,11231,11233,11235,11238,11240,11242,11244,11246,11248,11250,11252,11263&#8243;][\/vc_column][\/vc_row]<\/p>\n","protected":false},"author":1,"featured_media":10981,"parent":0,"menu_order":0,"comment_status":"closed","ping_status":"closed","template":"","meta":{"footnotes":""},"class_list":["post-11261","page","type-page","status-publish","has-post-thumbnail","hentry"],"yoast_head":"<!-- This site is optimized with the Yoast SEO plugin v26.2 - https:\/\/yoast.com\/wordpress\/plugins\/seo\/ -->\n<title>Piscines Rosa Gres - Cuarzo Piscinas y Exteriores<\/title>\n<meta name=\"description\" content=\"Exemples de construcci\u00f3 de piscines amb cer\u00e0mica de Rosa Gres i reparacions de piscines a Tarragona. Excavaci\u00f3, disseny, construcci\u00f3 i tramitaci\u00f3 de projecte.\" \/>\n<meta name=\"robots\" content=\"index, follow, max-snippet:-1, max-image-preview:large, max-video-preview:-1\" \/>\n<link rel=\"canonical\" href=\"https:\/\/cuarzopiscinas.com\/ca\/piscines-rosa-gres\/\" \/>\n<meta property=\"og:locale\" content=\"ca_ES\" \/>\n<meta property=\"og:type\" content=\"article\" \/>\n<meta property=\"og:title\" content=\"Piscines Rosa Gres - Cuarzo Piscinas y Exteriores\" \/>\n<meta property=\"og:description\" content=\"Exemples de construcci\u00f3 de piscines amb cer\u00e0mica de Rosa Gres i reparacions de piscines a Tarragona. Excavaci\u00f3, disseny, construcci\u00f3 i tramitaci\u00f3 de projecte.\" \/>\n<meta property=\"og:url\" content=\"https:\/\/cuarzopiscinas.com\/ca\/piscines-rosa-gres\/\" \/>\n<meta property=\"og:site_name\" content=\"Cuarzo Piscinas - Expertos en la construcci\u00f3n de piscinas en Tarragona\" \/>\n<meta property=\"article:modified_time\" content=\"2025-10-24T10:16:18+00:00\" \/>\n<meta property=\"og:image\" content=\"https:\/\/cuarzopiscinas.com\/wp-content\/uploads\/2021\/11\/Portada-RG.jpg\" \/>\n\t<meta property=\"og:image:width\" content=\"1797\" \/>\n\t<meta property=\"og:image:height\" content=\"1200\" \/>\n\t<meta property=\"og:image:type\" content=\"image\/jpeg\" \/>\n<meta name=\"twitter:card\" content=\"summary_large_image\" \/>\n<meta name=\"twitter:label1\" content=\"Temps estimat de lectura\" \/>\n\t<meta name=\"twitter:data1\" content=\"1 minut\" \/>\n<script type=\"application\/ld+json\" class=\"yoast-schema-graph\">{\"@context\":\"https:\/\/schema.org\",\"@graph\":[{\"@type\":\"WebPage\",\"@id\":\"https:\/\/cuarzopiscinas.com\/ca\/piscines-rosa-gres\/\",\"url\":\"https:\/\/cuarzopiscinas.com\/ca\/piscines-rosa-gres\/\",\"name\":\"Piscines Rosa Gres - Cuarzo Piscinas y Exteriores\",\"isPartOf\":{\"@id\":\"https:\/\/cuarzopiscinas.com\/#website\"},\"primaryImageOfPage\":{\"@id\":\"https:\/\/cuarzopiscinas.com\/ca\/piscines-rosa-gres\/#primaryimage\"},\"image\":{\"@id\":\"https:\/\/cuarzopiscinas.com\/ca\/piscines-rosa-gres\/#primaryimage\"},\"thumbnailUrl\":\"https:\/\/cuarzopiscinas.com\/wp-content\/uploads\/2021\/11\/Portada-RG.jpg\",\"datePublished\":\"2021-11-30T11:27:05+00:00\",\"dateModified\":\"2025-10-24T10:16:18+00:00\",\"description\":\"Exemples de construcci\u00f3 de piscines amb cer\u00e0mica de Rosa Gres i reparacions de piscines a Tarragona. Excavaci\u00f3, disseny, construcci\u00f3 i tramitaci\u00f3 de projecte.\",\"breadcrumb\":{\"@id\":\"https:\/\/cuarzopiscinas.com\/ca\/piscines-rosa-gres\/#breadcrumb\"},\"inLanguage\":\"ca\",\"potentialAction\":[{\"@type\":\"ReadAction\",\"target\":[\"https:\/\/cuarzopiscinas.com\/ca\/piscines-rosa-gres\/\"]}]},{\"@type\":\"ImageObject\",\"inLanguage\":\"ca\",\"@id\":\"https:\/\/cuarzopiscinas.com\/ca\/piscines-rosa-gres\/#primaryimage\",\"url\":\"https:\/\/cuarzopiscinas.com\/wp-content\/uploads\/2021\/11\/Portada-RG.jpg\",\"contentUrl\":\"https:\/\/cuarzopiscinas.com\/wp-content\/uploads\/2021\/11\/Portada-RG.jpg\",\"width\":1797,\"height\":1200},{\"@type\":\"BreadcrumbList\",\"@id\":\"https:\/\/cuarzopiscinas.com\/ca\/piscines-rosa-gres\/#breadcrumb\",\"itemListElement\":[{\"@type\":\"ListItem\",\"position\":1,\"name\":\"Portada\",\"item\":\"https:\/\/cuarzopiscinas.com\/ca\/\"},{\"@type\":\"ListItem\",\"position\":2,\"name\":\"Piscines Rosa Gres\"}]},{\"@type\":\"WebSite\",\"@id\":\"https:\/\/cuarzopiscinas.com\/#website\",\"url\":\"https:\/\/cuarzopiscinas.com\/\",\"name\":\"Cuarzo Piscinas - Expertos en la construcci\u00f3n de piscinas en Tarragona\",\"description\":\"Cuarzo Piscinas y exteriores, construir piscinas, dise\u00f1ar piscinas y rehabilitar piscinas. Piscinas con garant\u00eda de 20 a\u00f1os. Empresa de piscinas.\",\"potentialAction\":[{\"@type\":\"SearchAction\",\"target\":{\"@type\":\"EntryPoint\",\"urlTemplate\":\"https:\/\/cuarzopiscinas.com\/?s={search_term_string}\"},\"query-input\":{\"@type\":\"PropertyValueSpecification\",\"valueRequired\":true,\"valueName\":\"search_term_string\"}}],\"inLanguage\":\"ca\"}]}<\/script>\n<!-- \/ Yoast SEO plugin. -->","yoast_head_json":{"title":"Piscines Rosa Gres - Cuarzo Piscinas y Exteriores","description":"Exemples de construcci\u00f3 de piscines amb cer\u00e0mica de Rosa Gres i reparacions de piscines a Tarragona. Excavaci\u00f3, disseny, construcci\u00f3 i tramitaci\u00f3 de projecte.","robots":{"index":"index","follow":"follow","max-snippet":"max-snippet:-1","max-image-preview":"max-image-preview:large","max-video-preview":"max-video-preview:-1"},"canonical":"https:\/\/cuarzopiscinas.com\/ca\/piscines-rosa-gres\/","og_locale":"ca_ES","og_type":"article","og_title":"Piscines Rosa Gres - Cuarzo Piscinas y Exteriores","og_description":"Exemples de construcci\u00f3 de piscines amb cer\u00e0mica de Rosa Gres i reparacions de piscines a Tarragona. Excavaci\u00f3, disseny, construcci\u00f3 i tramitaci\u00f3 de projecte.","og_url":"https:\/\/cuarzopiscinas.com\/ca\/piscines-rosa-gres\/","og_site_name":"Cuarzo Piscinas - Expertos en la construcci\u00f3n de piscinas en Tarragona","article_modified_time":"2025-10-24T10:16:18+00:00","og_image":[{"width":1797,"height":1200,"url":"https:\/\/cuarzopiscinas.com\/wp-content\/uploads\/2021\/11\/Portada-RG.jpg","type":"image\/jpeg"}],"twitter_card":"summary_large_image","twitter_misc":{"Temps estimat de lectura":"1 minut"},"schema":{"@context":"https:\/\/schema.org","@graph":[{"@type":"WebPage","@id":"https:\/\/cuarzopiscinas.com\/ca\/piscines-rosa-gres\/","url":"https:\/\/cuarzopiscinas.com\/ca\/piscines-rosa-gres\/","name":"Piscines Rosa Gres - Cuarzo Piscinas y Exteriores","isPartOf":{"@id":"https:\/\/cuarzopiscinas.com\/#website"},"primaryImageOfPage":{"@id":"https:\/\/cuarzopiscinas.com\/ca\/piscines-rosa-gres\/#primaryimage"},"image":{"@id":"https:\/\/cuarzopiscinas.com\/ca\/piscines-rosa-gres\/#primaryimage"},"thumbnailUrl":"https:\/\/cuarzopiscinas.com\/wp-content\/uploads\/2021\/11\/Portada-RG.jpg","datePublished":"2021-11-30T11:27:05+00:00","dateModified":"2025-10-24T10:16:18+00:00","description":"Exemples de construcci\u00f3 de piscines amb cer\u00e0mica de Rosa Gres i reparacions de piscines a Tarragona. Excavaci\u00f3, disseny, construcci\u00f3 i tramitaci\u00f3 de projecte.","breadcrumb":{"@id":"https:\/\/cuarzopiscinas.com\/ca\/piscines-rosa-gres\/#breadcrumb"},"inLanguage":"ca","potentialAction":[{"@type":"ReadAction","target":["https:\/\/cuarzopiscinas.com\/ca\/piscines-rosa-gres\/"]}]},{"@type":"ImageObject","inLanguage":"ca","@id":"https:\/\/cuarzopiscinas.com\/ca\/piscines-rosa-gres\/#primaryimage","url":"https:\/\/cuarzopiscinas.com\/wp-content\/uploads\/2021\/11\/Portada-RG.jpg","contentUrl":"https:\/\/cuarzopiscinas.com\/wp-content\/uploads\/2021\/11\/Portada-RG.jpg","width":1797,"height":1200},{"@type":"BreadcrumbList","@id":"https:\/\/cuarzopiscinas.com\/ca\/piscines-rosa-gres\/#breadcrumb","itemListElement":[{"@type":"ListItem","position":1,"name":"Portada","item":"https:\/\/cuarzopiscinas.com\/ca\/"},{"@type":"ListItem","position":2,"name":"Piscines Rosa Gres"}]},{"@type":"WebSite","@id":"https:\/\/cuarzopiscinas.com\/#website","url":"https:\/\/cuarzopiscinas.com\/","name":"Cuarzo Piscinas - Expertos en la construcci\u00f3n de piscinas en Tarragona","description":"Cuarzo Piscinas y exteriores, construir piscinas, dise\u00f1ar piscinas y rehabilitar piscinas. Piscinas con garant\u00eda de 20 a\u00f1os. Empresa de piscinas.","potentialAction":[{"@type":"SearchAction","target":{"@type":"EntryPoint","urlTemplate":"https:\/\/cuarzopiscinas.com\/?s={search_term_string}"},"query-input":{"@type":"PropertyValueSpecification","valueRequired":true,"valueName":"search_term_string"}}],"inLanguage":"ca"}]}},"_links":{"self":[{"href":"https:\/\/cuarzopiscinas.com\/ca\/wp-json\/wp\/v2\/pages\/11261","targetHints":{"allow":["GET"]}}],"collection":[{"href":"https:\/\/cuarzopiscinas.com\/ca\/wp-json\/wp\/v2\/pages"}],"about":[{"href":"https:\/\/cuarzopiscinas.com\/ca\/wp-json\/wp\/v2\/types\/page"}],"author":[{"embeddable":true,"href":"https:\/\/cuarzopiscinas.com\/ca\/wp-json\/wp\/v2\/users\/1"}],"replies":[{"embeddable":true,"href":"https:\/\/cuarzopiscinas.com\/ca\/wp-json\/wp\/v2\/comments?post=11261"}],"version-history":[{"count":3,"href":"https:\/\/cuarzopiscinas.com\/ca\/wp-json\/wp\/v2\/pages\/11261\/revisions"}],"predecessor-version":[{"id":11960,"href":"https:\/\/cuarzopiscinas.com\/ca\/wp-json\/wp\/v2\/pages\/11261\/revisions\/11960"}],"wp:featuredmedia":[{"embeddable":true,"href":"https:\/\/cuarzopiscinas.com\/ca\/wp-json\/wp\/v2\/media\/10981"}],"wp:attachment":[{"href":"https:\/\/cuarzopiscinas.com\/ca\/wp-json\/wp\/v2\/media?parent=11261"}],"curies":[{"name":"wp","href":"https:\/\/api.w.org\/{rel}","templated":true}]}}